{"id":2758,"date":"2025-02-11T01:03:20","date_gmt":"2025-02-11T01:03:20","guid":{"rendered":"https:\/\/editorial.buluttan.com\/?page_id=2758"},"modified":"2025-04-29T10:52:09","modified_gmt":"2025-04-29T10:52:09","slug":"liman-operasyonlari-ve-denizcilik-verimliligi","status":"publish","type":"page","link":"https:\/\/editorial.buluttan.com\/?page_id=2758","title":{"rendered":"Liman Operasyonlar\u0131 ve Denizcilik Verimlili\u011fi"},"content":{"rendered":"\n<p>K\u00fcresel ticaretin aslan pay\u0131n\u0131 k\u00fcresel denizcilik end\u00fcstrisinin \u00fcstlendi\u011fi g\u00f6z \u00f6n\u00fcne al\u0131nd\u0131\u011f\u0131nda, verimli operasyonlar b\u00fcy\u00fck bir \u00f6nem ta\u015f\u0131yor. Ancak hava ko\u015fullar\u0131n\u0131n \u00f6ng\u00f6r\u00fclemezli\u011fi zorluklara yol a\u00e7arak gecikmelere ve mali kay\u0131plara yol a\u00e7\u0131yor.<\/p>\n\n\n\n<h2 class=\"wp-block-heading\">Kullan\u0131m Alanlar\u0131<\/h2>\n\n\n\n<figure class=\"wp-block-image size-large\"><img decoding=\"async\" width=\"1024\" height=\"294\" src=\"https:\/\/buluttan-cdn.s3.eu-central-1.amazonaws.com\/images\/weather-blog\/2025\/04\/port-operations-cargo-ship-v2-1-1024x294.webp\" alt=\"port operations cargo ship\" class=\"wp-image-4549\" srcset=\"https:\/\/buluttan-cdn.s3.eu-central-1.amazonaws.com\/images\/weather-blog\/2025\/04\/port-operations-cargo-ship-v2-1-1024x294.webp 1024w, https:\/\/buluttan-cdn.s3.eu-central-1.amazonaws.com\/images\/weather-blog\/2025\/04\/port-operations-cargo-ship-v2-1-300x86.webp 300w, https:\/\/buluttan-cdn.s3.eu-central-1.amazonaws.com\/images\/weather-blog\/2025\/04\/port-operations-cargo-ship-v2-1-768x220.webp 768w, https:\/\/buluttan-cdn.s3.eu-central-1.amazonaws.com\/images\/weather-blog\/2025\/04\/port-operations-cargo-ship-v2-1-1536x441.webp 1536w, https:\/\/buluttan-cdn.s3.eu-central-1.amazonaws.com\/images\/weather-blog\/2025\/04\/port-operations-cargo-ship-v2-1-1568x450.webp 1568w, https:\/\/buluttan-cdn.s3.eu-central-1.amazonaws.com\/images\/weather-blog\/2025\/04\/port-operations-cargo-ship-v2-1.webp 1603w\" sizes=\"(max-width: 1024px) 100vw, 1024px\" \/><\/figure>\n\n\n\n<div class=\"wp-block-columns is-layout-flex wp-container-core-columns-is-layout-9d6595d7 wp-block-columns-is-layout-flex\">\n<div class=\"wp-block-column is-layout-flow wp-block-column-is-layout-flow\">\n\n<h3 class=\"wp-block-heading\">Riski minimize edin<\/h3>\n\n<div style=\"width: 40px; height: 2px; background-color: white; margin: 0 0 8px;\">\u00a0<\/div>\n\n<p>Liman y\u00f6netimi \u00e7ok y\u00f6nl\u00fcd\u00fcr, \u00f6rne\u011fin kargonun bo\u015falt\u0131lmas\u0131 ve \u00e7abuk bozulan mallar\u0131n y\u00f6netilmesi gibi girift operasyonlar i\u00e7erir. Hava ko\u015fullar\u0131 nedeniyle meydana gelen aksamalar bu operasyonlar\u0131 daha da karma\u015f\u0131k hale getiriyor ve s\u0131kl\u0131kla kargo ve gemi programlar\u0131nda gecikmelere neden oluyor. Bu ve benzeri olaylar, elveri\u015fsiz hava ko\u015fullar\u0131ndan dolay\u0131 ortaya \u00e7\u0131kan riskleri azaltmak i\u00e7in etkili \u00e7\u00f6z\u00fcmler bulman\u0131n \u00f6neminin alt\u0131n\u0131 \u00e7iziyor.<\/p>\n\n<\/div>\n\n\n\n<div class=\"wp-block-column is-layout-flow wp-block-column-is-layout-flow\">\n\n<h3 class=\"wp-block-heading\">Y\u00f6netim Verimlili\u011fini Artt\u0131r\u0131n<\/h3>\n\n<div style=\"width: 40px; height: 2px; background-color: white; margin: 0 0 8px;\">\u00a0<\/div>\n\n<p>Denizcilik end\u00fcstrisi i\u00e7in devrim niteli\u011finde bir ara\u00e7 olan tahmine dayal\u0131 hava zekas\u0131yla tan\u0131\u015f\u0131n. Liman y\u00f6neticileri, en son tahmin teknolojilerimizi kullanarak operasyonlar\u0131n\u0131 g\u00fcnler \u00f6ncesinden optimize edebilir. <a href=\"https:\/\/www.buluttan.com\/tr\">Buluttan<\/a>, yakla\u015fan hava olaylar\u0131 hakk\u0131nda ger\u00e7ek zamanl\u0131 uyar\u0131lar ve zaman\u0131nda bildirimler sa\u011flayarak varl\u0131klar\u0131n\u0131z\u0131 ve personelinizi korumak i\u00e7in proaktif \u00f6nlemler al\u0131nmas\u0131n\u0131 sa\u011flar.<\/p>\n\n<\/div>\n\n\n\n<div class=\"wp-block-column is-layout-flow wp-block-column-is-layout-flow\">\n\n<h3 class=\"wp-block-heading\">Operayon s\u00fcrecinizi optimize edin<\/h3>\n\n<div style=\"width: 40px; height: 2px; background-color: white; margin: 0 0 8px;\">\u00a0<\/div>\n\n<p>\u015eirketler, hava durumuyla ilgili kesintileri en aza indirerek gecikmeleri azaltabilir, kaynak kullan\u0131m\u0131n\u0131 optimize edebilir ve gelir f\u0131rsatlar\u0131n\u0131 en \u00fcst d\u00fczeye \u00e7\u0131karabilir. Proaktif planlama ve stratejik karar alma, gelece\u011fi d\u00fc\u015f\u00fcnen kurulu\u015flara avantaj sa\u011flayarak maliyet tasarruflar\u0131 i\u00e7in imkan sa\u011flar. Denizcilik end\u00fcstrisi geli\u015ftik\u00e7e hava zekas\u0131 gibi yenilik\u00e7i \u00e7\u00f6z\u00fcmleri benimsemek zorunlu hale geliyor.<\/p>\n\n<\/div>\n<\/div>\n\n\n\n<figure class=\"wp-block-image size-large\"><img decoding=\"async\" width=\"1603\" height=\"460\" src=\"https:\/\/buluttan-cdn.s3.eu-central-1.amazonaws.com\/images\/weather-blog\/2025\/03\/port-operations.webp\" alt=\"port operations\" class=\"wp-image-4493\" srcset=\"https:\/\/buluttan-cdn.s3.eu-central-1.amazonaws.com\/images\/weather-blog\/2025\/03\/port-operations.webp 1603w, https:\/\/buluttan-cdn.s3.eu-central-1.amazonaws.com\/images\/weather-blog\/2025\/03\/port-operations-300x86.webp 300w, https:\/\/buluttan-cdn.s3.eu-central-1.amazonaws.com\/images\/weather-blog\/2025\/03\/port-operations-1024x294.webp 1024w, https:\/\/buluttan-cdn.s3.eu-central-1.amazonaws.com\/images\/weather-blog\/2025\/03\/port-operations-768x220.webp 768w, https:\/\/buluttan-cdn.s3.eu-central-1.amazonaws.com\/images\/weather-blog\/2025\/03\/port-operations-1536x441.webp 1536w, https:\/\/buluttan-cdn.s3.eu-central-1.amazonaws.com\/images\/weather-blog\/2025\/03\/port-operations-1568x450.webp 1568w\" sizes=\"(max-width: 1603px) 100vw, 1603px\" \/><\/figure>\n\n\n\n<h2 class=\"wp-block-heading\">Buluttan ile operasyonunuzu g\u00fc\u00e7lendirin<\/h2>\n\n\n\n<p>Buluttan&#8217;\u0131n Hava Zekas\u0131 entegrasyonu, hava durumu modellerine ili\u015fkin \u00f6ng\u00f6r\u00fcler sunan, y\u00f6neticilerin bilin\u00e7li kararlar almas\u0131na ve verimlili\u011fi optimize etmesine olanak tan\u0131yan \u00f6zel operasyonel g\u00f6sterge tablolar\u0131 sa\u011flayarak liman operasyonlar\u0131nda devrim yarat\u0131yor. Bu yenilik\u00e7i \u00e7\u00f6z\u00fcm, program ayarlamalar\u0131na ve kaynak tahsisine olanak tan\u0131yarak verimlili\u011fi ve g\u00fcvenli\u011fi art\u0131r\u0131r. Geli\u015fen denizcilik end\u00fcstrisinde, tahmine dayal\u0131 hava zekas\u0131, \u00f6ng\u00f6r\u00fclemeyen hava ko\u015fullar\u0131ndan kaynaklanan zorluklar\u0131n \u00fcstesinden gelmek ve karl\u0131l\u0131\u011f\u0131 art\u0131rmak i\u00e7in gereklidir. Buluttan&#8217;\u0131n veriye dayal\u0131 i\u00e7g\u00f6r\u00fclerle kurulu\u015flar\u0131 g\u00fc\u00e7lendirme konusundaki kararl\u0131l\u0131\u011f\u0131, liman operasyonlar\u0131n\u0131n sorunsuz ve verimli olmas\u0131n\u0131 sa\u011flayarak, elveri\u015fsiz hava ko\u015fullar\u0131nda gezinme ve denizcilik verimlili\u011finin gelece\u011fi i\u00e7in Buluttan&#8217;a kat\u0131l\u0131n.<\/p>\n\n\n\n<h2 class=\"wp-block-heading\">\u00dcr\u00fcnlerimiz<\/h2>\n\n\n\n<p><a href=\"https:\/\/www.buluttan.com\/tr\">Buluttan Hava Zekas\u0131<\/a>\u2019n\u0131n sa\u011flad\u0131\u011f\u0131 y\u00fcksek do\u011fruluklu ve \u00e7\u00f6z\u00fcn\u00fcrl\u00fckl\u00fc hiper-yerel hava tahminleri sayesinde liman operasyonlar\u0131n\u0131z i\u00e7in g\u00fcvenilir ve zaman\u0131nda meteorolojik bilgilere kolayca ula\u015f\u0131n. 100m \u00e7\u00f6z\u00fcn\u00fcrl\u00fc\u011fe kadar \u00e7\u0131kabilen modellerimizin do\u011frulu\u011fuyla varl\u0131klar\u0131n\u0131z ve ekibiniz beklenmedik hava olaylar\u0131na kar\u015f\u0131 hi\u00e7 olmad\u0131\u011f\u0131 kadar g\u00fcvende.<\/p>\n","protected":false},"excerpt":{"rendered":"<p>K\u00fcresel ticaretin aslan pay\u0131n\u0131 k\u00fcresel denizcilik end\u00fcstrisinin \u00fcstlendi\u011fi g\u00f6z \u00f6n\u00fcne al\u0131nd\u0131\u011f\u0131nda, verimli operasyonlar b\u00fcy\u00fck bir \u00f6nem ta\u015f\u0131yor. Ancak hava ko\u015fullar\u0131n\u0131n \u00f6ng\u00f6r\u00fclemezli\u011fi zorluklara yol a\u00e7arak gecikmelere ve mali kay\u0131plara yol a\u00e7\u0131yor. Kullan\u0131m Alanlar\u0131 Riski minimize edin Liman y\u00f6netimi \u00e7ok y\u00f6nl\u00fcd\u00fcr, \u00f6rne\u011fin kargonun bo\u015falt\u0131lmas\u0131 ve \u00e7abuk bozulan mallar\u0131n y\u00f6netilmesi gibi girift operasyonlar i\u00e7erir. Hava ko\u015fullar\u0131 nedeniyle meydana&hellip; <a class=\"more-link\" href=\"https:\/\/editorial.buluttan.com\/?page_id=2758\">Continue reading <span class=\"screen-reader-text\">Liman Operasyonlar\u0131 ve Denizcilik Verimlili\u011fi<\/span><\/a><\/p>\n","protected":false},"author":1,"featured_media":1744,"parent":0,"menu_order":0,"comment_status":"closed","ping_status":"closed","template":"","meta":{"footnotes":""},"categories":[29,26],"tags":[7],"class_list":["post-2758","page","type-page","status-publish","has-post-thumbnail","hentry","category-endustriler","category-siddetli-hava","tag-tr","entry"],"acf":[],"yoast_head":"<!-- This site is optimized with the Yoast SEO plugin v21.2 - https:\/\/yoast.com\/wordpress\/plugins\/seo\/ -->\n<title>Liman Operasyonlar\u0131 ve Denizcilik Verimlili\u011fi - Buluttan Blog<\/title>\n<meta name=\"description\" content=\"Deniz ta\u015f\u0131mac\u0131l\u0131\u011f\u0131 ve liman y\u00f6netiminin tempolu d\u00fcnyas\u0131nda zaman y\u00f6netimi \u00e7ok \u00f6nemlidir.\" \/>\n<meta name=\"robots\" content=\"noindex, follow, max-snippet:-1, max-image-preview:large, max-video-preview:-1\" \/>\n<meta property=\"og:locale\" content=\"en_US\" \/>\n<meta property=\"og:type\" content=\"article\" \/>\n<meta property=\"og:title\" content=\"Liman Operasyonlar\u0131 ve Denizcilik Verimlili\u011fi - Buluttan Blog\" \/>\n<meta property=\"og:description\" content=\"Deniz ta\u015f\u0131mac\u0131l\u0131\u011f\u0131 ve liman y\u00f6netiminin tempolu d\u00fcnyas\u0131nda zaman y\u00f6netimi \u00e7ok \u00f6nemlidir.\" \/>\n<meta property=\"og:url\" content=\"https:\/\/editorial.buluttan.com\/?page_id=2758\" \/>\n<meta property=\"og:site_name\" content=\"Buluttan Blog\" \/>\n<meta property=\"article:modified_time\" content=\"2025-04-29T10:52:09+00:00\" \/>\n<meta property=\"og:image\" content=\"https:\/\/buluttan-cdn.s3.eu-central-1.amazonaws.com\/images\/weather-blog\/2024\/01\/port-crane.webp\" \/>\n\t<meta property=\"og:image:width\" content=\"1300\" \/>\n\t<meta property=\"og:image:height\" content=\"680\" \/>\n\t<meta property=\"og:image:type\" content=\"image\/webp\" \/>\n<meta name=\"twitter:card\" content=\"summary_large_image\" \/>\n<meta name=\"twitter:label1\" content=\"Est. reading time\" \/>\n\t<meta name=\"twitter:data1\" content=\"2 minutes\" \/>\n<script type=\"application\/ld+json\" class=\"yoast-schema-graph\">{\"@context\":\"https:\/\/schema.org\",\"@graph\":[{\"@type\":\"WebPage\",\"@id\":\"https:\/\/editorial.buluttan.com\/?page_id=2758\",\"url\":\"https:\/\/editorial.buluttan.com\/?page_id=2758\",\"name\":\"Liman Operasyonlar\u0131 ve Denizcilik Verimlili\u011fi - Buluttan Blog\",\"isPartOf\":{\"@id\":\"https:\/\/editorial.buluttan.com\/#website\"},\"datePublished\":\"2025-02-11T01:03:20+00:00\",\"dateModified\":\"2025-04-29T10:52:09+00:00\",\"description\":\"Deniz ta\u015f\u0131mac\u0131l\u0131\u011f\u0131 ve liman y\u00f6netiminin tempolu d\u00fcnyas\u0131nda zaman y\u00f6netimi \u00e7ok \u00f6nemlidir.\",\"breadcrumb\":{\"@id\":\"https:\/\/editorial.buluttan.com\/?page_id=2758#breadcrumb\"},\"inLanguage\":\"en-US\",\"potentialAction\":[{\"@type\":\"ReadAction\",\"target\":[\"https:\/\/editorial.buluttan.com\/?page_id=2758\"]}]},{\"@type\":\"BreadcrumbList\",\"@id\":\"https:\/\/editorial.buluttan.com\/?page_id=2758#breadcrumb\",\"itemListElement\":[{\"@type\":\"ListItem\",\"position\":1,\"name\":\"Home\",\"item\":\"https:\/\/editorial.buluttan.com\/\"},{\"@type\":\"ListItem\",\"position\":2,\"name\":\"Liman Operasyonlar\u0131 ve Denizcilik Verimlili\u011fi\"}]},{\"@type\":\"WebSite\",\"@id\":\"https:\/\/editorial.buluttan.com\/#website\",\"url\":\"https:\/\/editorial.buluttan.com\/\",\"name\":\"Buluttan Blog\",\"description\":\"\",\"potentialAction\":[{\"@type\":\"SearchAction\",\"target\":{\"@type\":\"EntryPoint\",\"urlTemplate\":\"https:\/\/editorial.buluttan.com\/?s={search_term_string}\"},\"query-input\":\"required name=search_term_string\"}],\"inLanguage\":\"en-US\"},{\"@type\":\"Person\",\"@id\":\"https:\/\/editorial.buluttan.com\/#\/schema\/person\/b34047aa6ed20aaa5c04d54a79ba5616\",\"name\":\"Buluttan\",\"image\":{\"@type\":\"ImageObject\",\"inLanguage\":\"en-US\",\"@id\":\"https:\/\/editorial.buluttan.com\/#\/schema\/person\/image\/\",\"url\":\"https:\/\/secure.gravatar.com\/avatar\/1f133024670b160ea1178db08ff69ffe37f006e930aa97f1489816bb0ec98b12?s=96&d=mm&r=g\",\"contentUrl\":\"https:\/\/secure.gravatar.com\/avatar\/1f133024670b160ea1178db08ff69ffe37f006e930aa97f1489816bb0ec98b12?s=96&d=mm&r=g\",\"caption\":\"Buluttan\"},\"sameAs\":[\"http:\/\/editorial.buluttan.com\",\"https:\/\/www.linkedin.com\/company\/buluttan\/\"],\"url\":\"https:\/\/editorial.buluttan.com\/?author=1\"}]}<\/script>\n<!-- \/ Yoast SEO plugin. -->","yoast_head_json":{"title":"Liman Operasyonlar\u0131 ve Denizcilik Verimlili\u011fi - Buluttan Blog","description":"Deniz ta\u015f\u0131mac\u0131l\u0131\u011f\u0131 ve liman y\u00f6netiminin tempolu d\u00fcnyas\u0131nda zaman y\u00f6netimi \u00e7ok \u00f6nemlidir.","robots":{"index":"noindex","follow":"follow","max-snippet":"max-snippet:-1","max-image-preview":"max-image-preview:large","max-video-preview":"max-video-preview:-1"},"og_locale":"en_US","og_type":"article","og_title":"Liman Operasyonlar\u0131 ve Denizcilik Verimlili\u011fi - Buluttan Blog","og_description":"Deniz ta\u015f\u0131mac\u0131l\u0131\u011f\u0131 ve liman y\u00f6netiminin tempolu d\u00fcnyas\u0131nda zaman y\u00f6netimi \u00e7ok \u00f6nemlidir.","og_url":"https:\/\/editorial.buluttan.com\/?page_id=2758","og_site_name":"Buluttan Blog","article_modified_time":"2025-04-29T10:52:09+00:00","og_image":[{"width":1300,"height":680,"url":"https:\/\/buluttan-cdn.s3.eu-central-1.amazonaws.com\/images\/weather-blog\/2024\/01\/port-crane.webp","type":"image\/webp"}],"twitter_card":"summary_large_image","twitter_misc":{"Est. reading time":"2 minutes"},"schema":{"@context":"https:\/\/schema.org","@graph":[{"@type":"WebPage","@id":"https:\/\/editorial.buluttan.com\/?page_id=2758","url":"https:\/\/editorial.buluttan.com\/?page_id=2758","name":"Liman Operasyonlar\u0131 ve Denizcilik Verimlili\u011fi - Buluttan Blog","isPartOf":{"@id":"https:\/\/editorial.buluttan.com\/#website"},"datePublished":"2025-02-11T01:03:20+00:00","dateModified":"2025-04-29T10:52:09+00:00","description":"Deniz ta\u015f\u0131mac\u0131l\u0131\u011f\u0131 ve liman y\u00f6netiminin tempolu d\u00fcnyas\u0131nda zaman y\u00f6netimi \u00e7ok \u00f6nemlidir.","breadcrumb":{"@id":"https:\/\/editorial.buluttan.com\/?page_id=2758#breadcrumb"},"inLanguage":"en-US","potentialAction":[{"@type":"ReadAction","target":["https:\/\/editorial.buluttan.com\/?page_id=2758"]}]},{"@type":"BreadcrumbList","@id":"https:\/\/editorial.buluttan.com\/?page_id=2758#breadcrumb","itemListElement":[{"@type":"ListItem","position":1,"name":"Home","item":"https:\/\/editorial.buluttan.com\/"},{"@type":"ListItem","position":2,"name":"Liman Operasyonlar\u0131 ve Denizcilik Verimlili\u011fi"}]},{"@type":"WebSite","@id":"https:\/\/editorial.buluttan.com\/#website","url":"https:\/\/editorial.buluttan.com\/","name":"Buluttan Blog","description":"","potentialAction":[{"@type":"SearchAction","target":{"@type":"EntryPoint","urlTemplate":"https:\/\/editorial.buluttan.com\/?s={search_term_string}"},"query-input":"required name=search_term_string"}],"inLanguage":"en-US"},{"@type":"Person","@id":"https:\/\/editorial.buluttan.com\/#\/schema\/person\/b34047aa6ed20aaa5c04d54a79ba5616","name":"Buluttan","image":{"@type":"ImageObject","inLanguage":"en-US","@id":"https:\/\/editorial.buluttan.com\/#\/schema\/person\/image\/","url":"https:\/\/secure.gravatar.com\/avatar\/1f133024670b160ea1178db08ff69ffe37f006e930aa97f1489816bb0ec98b12?s=96&d=mm&r=g","contentUrl":"https:\/\/secure.gravatar.com\/avatar\/1f133024670b160ea1178db08ff69ffe37f006e930aa97f1489816bb0ec98b12?s=96&d=mm&r=g","caption":"Buluttan"},"sameAs":["http:\/\/editorial.buluttan.com","https:\/\/www.linkedin.com\/company\/buluttan\/"],"url":"https:\/\/editorial.buluttan.com\/?author=1"}]}},"_links":{"self":[{"href":"https:\/\/editorial.buluttan.com\/index.php?rest_route=\/wp\/v2\/pages\/2758","targetHints":{"allow":["GET"]}}],"collection":[{"href":"https:\/\/editorial.buluttan.com\/index.php?rest_route=\/wp\/v2\/pages"}],"about":[{"href":"https:\/\/editorial.buluttan.com\/index.php?rest_route=\/wp\/v2\/types\/page"}],"author":[{"embeddable":true,"href":"https:\/\/editorial.buluttan.com\/index.php?rest_route=\/wp\/v2\/users\/1"}],"replies":[{"embeddable":true,"href":"https:\/\/editorial.buluttan.com\/index.php?rest_route=%2Fwp%2Fv2%2Fcomments&post=2758"}],"version-history":[{"count":11,"href":"https:\/\/editorial.buluttan.com\/index.php?rest_route=\/wp\/v2\/pages\/2758\/revisions"}],"predecessor-version":[{"id":4550,"href":"https:\/\/editorial.buluttan.com\/index.php?rest_route=\/wp\/v2\/pages\/2758\/revisions\/4550"}],"wp:featuredmedia":[{"embeddable":true,"href":"https:\/\/editorial.buluttan.com\/index.php?rest_route=\/wp\/v2\/media\/1744"}],"wp:attachment":[{"href":"https:\/\/editorial.buluttan.com\/index.php?rest_route=%2Fwp%2Fv2%2Fmedia&parent=2758"}],"wp:term":[{"taxonomy":"category","embeddable":true,"href":"https:\/\/editorial.buluttan.com\/index.php?rest_route=%2Fwp%2Fv2%2Fcategories&post=2758"},{"taxonomy":"post_tag","embeddable":true,"href":"https:\/\/editorial.buluttan.com\/index.php?rest_route=%2Fwp%2Fv2%2Ftags&post=2758"}],"curies":[{"name":"wp","href":"https:\/\/api.w.org\/{rel}","templated":true}]}}