{"id":326,"date":"2025-02-14T01:02:24","date_gmt":"2025-02-14T01:02:24","guid":{"rendered":"https:\/\/editorial.buluttan.com\/?page_id=326"},"modified":"2025-03-10T23:00:57","modified_gmt":"2025-03-10T23:00:57","slug":"yenilenebilir-enerji","status":"publish","type":"page","link":"https:\/\/editorial.buluttan.com\/?page_id=326","title":{"rendered":"Yenilenebilir Enerji"},"content":{"rendered":"\n<h2 class=\"wp-block-heading\"><strong>Buluttan ile Yenilenebilir Enerji Sekt\u00f6r\u00fcnde Hava Zek\u00e2s\u0131n\u0131n G\u00fcc\u00fcn\u00fc Ke\u015ffedin<\/strong><\/h2>\n\n\n\n<p><a href=\"https:\/\/www.buluttan.com\/\">Buluttan<\/a> ile yenilenebilir enerji sekt\u00f6r\u00fcnde yeni bir d\u00f6neme ho\u015f geldiniz, geli\u015fmi\u015f \u00f6zellikleri ve ger\u00e7ek zamanl\u0131, hiper-yerel hava verileriyle yenilenebilir enerji kaynaklar\u0131n\u0131z\u0131 nas\u0131l optimize edebilece\u011finizi ke\u015ffedin.<\/p>\n\n\n\n<h3 class=\"wp-block-heading\"><strong>Yenilenebilir Enerji Sekt\u00f6r\u00fcnde Hava Zek\u00e2s\u0131n\u0131n \u00d6nemi<\/strong><\/h3>\n\n\n\n<p>Yenilenebilir enerji kaynaklar\u0131ndan G\u00fcne\u015f ve R\u00fczgar Enerji \u00fcretimi, %80\u2019in \u00fczerinde hava kaynakl\u0131 de\u011fi\u015fkenlerle a\u00e7\u0131klanmaktad\u0131r. Her y\u0131l, yenilenebilir enerji operat\u00f6rleri \u00fcretimdeki dengesizlikten dolay\u0131 cezalar \u00f6demektedir. \u00d6yle ki ortalama 60 MW \u00fcretim kapasitesine sahip bir tesis, bir y\u0131lda yakla\u015f\u0131k 500.000 EUR dengesizlik cezas\u0131yla kar\u015f\u0131 kar\u015f\u0131ya kalmaktad\u0131r. Buluttan, \u00fcretti\u011fi hiper-yerel hava durumu tahminleri ile beslenen yapay zeka ve atmosferik modeller ile r\u00fczgar ve g\u00fcne\u015f enerji \u00fcretimini y\u00fcksek tutarl\u0131l\u0131kta tahmin edebilmektedir. Bu sayede \u015firketlerin \u00fcretim tahminlerindeki hata pay\u0131n\u0131 g\u00fcn \u00f6ncesi piyasas\u0131 i\u00e7in %15, g\u00fcn i\u00e7i piyasas\u0131 i\u00e7in %30\u2019a kadar azaltabilmektedir.<\/p>\n\n\n\n<h2 class=\"wp-block-heading\"><strong>Kullan\u0131m Alanlar\u0131<\/strong><\/h2>\n\n\n\n<div class=\"wp-block-columns is-layout-flex wp-container-core-columns-is-layout-9d6595d7 wp-block-columns-is-layout-flex\">\n<div class=\"wp-block-column no-border\">\n<img decoding=\"async\" src=\"https:\/\/cdn.buluttan.com\/images\/weather-blog\/2025\/03\/renewable-energy-wind-turbine.webp\" alt=\"Wind Turbines\" \/>\n<\/div>\n<div class=\"wp-block-column no-border\">\n<img decoding=\"async\" src=\"https:\/\/cdn.buluttan.com\/images\/weather-blog\/2025\/03\/renewable-energy-electric.webp\" alt=\"Utility Poles\" \/>\n<\/div>\n<\/div>\n\n\n\n<div class=\"wp-block-columns is-layout-flex wp-container-core-columns-is-layout-9d6595d7 wp-block-columns-is-layout-flex\" style=\"margin: 0 0 20px;\">\n\n<div class=\"wp-block-column is-layout-flow wp-block-column-is-layout-flow\">\n\n<h3>Enerji \u00dcretiminizi Optimize Edin<\/h3>\n<div style=\"width: 40px; height: 2px; background-color: white;margin: 0 0 8px;\"><\/div>\n<p>Hava tahminleriyle enerji \u00fcretiminin verimlili\u011fini maksimize edin. Buluttan, de\u011fi\u015fen hava ko\u015fullar\u0131na kar\u015f\u0131 \u00f6nceden tahmin yapman\u0131za ve tutars\u0131z \u00fcretim tahminlerinden dolay\u0131 \u00f6denen dengesizlik cezalar\u0131n\u0131 minimize edilmesine yard\u0131mc\u0131 olur.<\/p>\n\n<\/div>\n\n\n<div class=\"wp-block-column is-layout-flow wp-block-column-is-layout-flow\">\n\n<h3>Bak\u0131m-Onar\u0131m Operasyonlar\u0131n\u0131 Planlay\u0131n<\/h3>\n<div style=\"width: 40px; height: 2px; background-color: white;margin: 0 0 8px;\"><\/div>\n<p>Hiper-yerel hava tahmin motorumuzun sa\u011flad\u0131\u011f\u0131 hava tahminlerine dayanarak bak\u0131m faaliyetlerini proaktif bir \u015fekilde planlay\u0131n. \u00dcr\u00fcnlerimiz bak\u0131m\u0131 uygun hava ko\u015fullar\u0131 i\u00e7inde programlaman\u0131za olanak tan\u0131r, i\u015f durma s\u00fcresini en aza indirir ve i\u015fletme verimlili\u011fini maksimize eder.<\/p>\n\n<\/div>\n\n<\/div>\n\n\n\n<h3 class=\"wp-block-heading\"><strong>Buluttan ile Yenilenebilir Enerji \u0130\u015fletmenizi Farkl\u0131 K\u0131l\u0131n<\/strong><\/h3>\n\n\n\n<p>Meteorolojik parametrelerin bu kadar \u00f6nemli oldu\u011fu bir sekt\u00f6rde havan\u0131n nas\u0131l olaca\u011f\u0131n\u0131 bilmek fark yaratman\u0131za olanak tan\u0131r. Buluttan ile yenilenebilir enerji devrimine kat\u0131l\u0131n ve hava zek\u00e2s\u0131 \u00fcr\u00fcn ve hizmetlerimizi daha s\u00fcrd\u00fcr\u00fclebilir bir gelecek i\u00e7in kullan\u0131n.<\/p>\n","protected":false},"excerpt":{"rendered":"<p>Buluttan ile Yenilenebilir Enerji Sekt\u00f6r\u00fcnde Hava Zek\u00e2s\u0131n\u0131n G\u00fcc\u00fcn\u00fc Ke\u015ffedin Buluttan ile yenilenebilir enerji sekt\u00f6r\u00fcnde yeni bir d\u00f6neme ho\u015f geldiniz, geli\u015fmi\u015f \u00f6zellikleri ve ger\u00e7ek zamanl\u0131, hiper-yerel hava verileriyle yenilenebilir enerji kaynaklar\u0131n\u0131z\u0131 nas\u0131l optimize edebilece\u011finizi ke\u015ffedin. Yenilenebilir Enerji Sekt\u00f6r\u00fcnde Hava Zek\u00e2s\u0131n\u0131n \u00d6nemi Yenilenebilir enerji kaynaklar\u0131ndan G\u00fcne\u015f ve R\u00fczgar Enerji \u00fcretimi, %80\u2019in \u00fczerinde hava kaynakl\u0131 de\u011fi\u015fkenlerle a\u00e7\u0131klanmaktad\u0131r. Her&hellip; <a class=\"more-link\" href=\"https:\/\/editorial.buluttan.com\/?page_id=326\">Continue reading <span class=\"screen-reader-text\">Yenilenebilir Enerji<\/span><\/a><\/p>\n","protected":false},"author":1,"featured_media":2082,"parent":0,"menu_order":0,"comment_status":"closed","ping_status":"closed","template":"","meta":{"footnotes":""},"categories":[29],"tags":[7],"class_list":["post-326","page","type-page","status-publish","has-post-thumbnail","hentry","category-endustriler","tag-tr","entry"],"acf":[],"yoast_head":"<!-- This site is optimized with the Yoast SEO plugin v21.2 - https:\/\/yoast.com\/wordpress\/plugins\/seo\/ -->\n<title>Yenilenebilir Enerji - Buluttan Blog<\/title>\n<meta name=\"description\" content=\"Buluttan&#039;\u0131n geli\u015fmi\u015f \u00f6zellikleri ve ger\u00e7ek zamanl\u0131, hiper-lokal hava verileriyle yenilenebilir enerji kaynaklar\u0131n\u0131z\u0131 optimize edin.\" \/>\n<meta name=\"robots\" content=\"noindex, follow, max-snippet:-1, max-image-preview:large, max-video-preview:-1\" \/>\n<meta property=\"og:locale\" content=\"en_US\" \/>\n<meta property=\"og:type\" content=\"article\" \/>\n<meta property=\"og:title\" content=\"Yenilenebilir Enerji - Buluttan Blog\" \/>\n<meta property=\"og:description\" content=\"Buluttan&#039;\u0131n geli\u015fmi\u015f \u00f6zellikleri ve ger\u00e7ek zamanl\u0131, hiper-lokal hava verileriyle yenilenebilir enerji kaynaklar\u0131n\u0131z\u0131 optimize edin.\" \/>\n<meta property=\"og:url\" content=\"https:\/\/editorial.buluttan.com\/?page_id=326\" \/>\n<meta property=\"og:site_name\" content=\"Buluttan Blog\" \/>\n<meta property=\"article:modified_time\" content=\"2025-03-10T23:00:57+00:00\" \/>\n<meta property=\"og:image\" content=\"https:\/\/buluttan-cdn.s3.eu-central-1.amazonaws.com\/images\/weather-blog\/2024\/01\/renewable-energy.webp\" \/>\n\t<meta property=\"og:image:width\" content=\"1000\" \/>\n\t<meta property=\"og:image:height\" content=\"480\" \/>\n\t<meta property=\"og:image:type\" content=\"image\/webp\" \/>\n<meta name=\"twitter:card\" content=\"summary_large_image\" \/>\n<meta name=\"twitter:label1\" content=\"Est. reading time\" \/>\n\t<meta name=\"twitter:data1\" content=\"2 minutes\" \/>\n<script type=\"application\/ld+json\" class=\"yoast-schema-graph\">{\"@context\":\"https:\/\/schema.org\",\"@graph\":[{\"@type\":\"WebPage\",\"@id\":\"https:\/\/editorial.buluttan.com\/?page_id=326\",\"url\":\"https:\/\/editorial.buluttan.com\/?page_id=326\",\"name\":\"Yenilenebilir Enerji - Buluttan Blog\",\"isPartOf\":{\"@id\":\"https:\/\/editorial.buluttan.com\/#website\"},\"datePublished\":\"2025-02-14T01:02:24+00:00\",\"dateModified\":\"2025-03-10T23:00:57+00:00\",\"description\":\"Buluttan'\u0131n geli\u015fmi\u015f \u00f6zellikleri ve ger\u00e7ek zamanl\u0131, hiper-lokal hava verileriyle yenilenebilir enerji kaynaklar\u0131n\u0131z\u0131 optimize edin.\",\"breadcrumb\":{\"@id\":\"https:\/\/editorial.buluttan.com\/?page_id=326#breadcrumb\"},\"inLanguage\":\"en-US\",\"potentialAction\":[{\"@type\":\"ReadAction\",\"target\":[\"https:\/\/editorial.buluttan.com\/?page_id=326\"]}]},{\"@type\":\"BreadcrumbList\",\"@id\":\"https:\/\/editorial.buluttan.com\/?page_id=326#breadcrumb\",\"itemListElement\":[{\"@type\":\"ListItem\",\"position\":1,\"name\":\"Home\",\"item\":\"https:\/\/editorial.buluttan.com\/\"},{\"@type\":\"ListItem\",\"position\":2,\"name\":\"Yenilenebilir Enerji\"}]},{\"@type\":\"WebSite\",\"@id\":\"https:\/\/editorial.buluttan.com\/#website\",\"url\":\"https:\/\/editorial.buluttan.com\/\",\"name\":\"Buluttan Blog\",\"description\":\"\",\"potentialAction\":[{\"@type\":\"SearchAction\",\"target\":{\"@type\":\"EntryPoint\",\"urlTemplate\":\"https:\/\/editorial.buluttan.com\/?s={search_term_string}\"},\"query-input\":\"required name=search_term_string\"}],\"inLanguage\":\"en-US\"},{\"@type\":\"Person\",\"@id\":\"https:\/\/editorial.buluttan.com\/#\/schema\/person\/b34047aa6ed20aaa5c04d54a79ba5616\",\"name\":\"Buluttan\",\"image\":{\"@type\":\"ImageObject\",\"inLanguage\":\"en-US\",\"@id\":\"https:\/\/editorial.buluttan.com\/#\/schema\/person\/image\/\",\"url\":\"https:\/\/secure.gravatar.com\/avatar\/1f133024670b160ea1178db08ff69ffe37f006e930aa97f1489816bb0ec98b12?s=96&d=mm&r=g\",\"contentUrl\":\"https:\/\/secure.gravatar.com\/avatar\/1f133024670b160ea1178db08ff69ffe37f006e930aa97f1489816bb0ec98b12?s=96&d=mm&r=g\",\"caption\":\"Buluttan\"},\"sameAs\":[\"http:\/\/editorial.buluttan.com\",\"https:\/\/www.linkedin.com\/company\/buluttan\/\"],\"url\":\"https:\/\/editorial.buluttan.com\/?author=1\"}]}<\/script>\n<!-- \/ Yoast SEO plugin. -->","yoast_head_json":{"title":"Yenilenebilir Enerji - Buluttan Blog","description":"Buluttan'\u0131n geli\u015fmi\u015f \u00f6zellikleri ve ger\u00e7ek zamanl\u0131, hiper-lokal hava verileriyle yenilenebilir enerji kaynaklar\u0131n\u0131z\u0131 optimize edin.","robots":{"index":"noindex","follow":"follow","max-snippet":"max-snippet:-1","max-image-preview":"max-image-preview:large","max-video-preview":"max-video-preview:-1"},"og_locale":"en_US","og_type":"article","og_title":"Yenilenebilir Enerji - Buluttan Blog","og_description":"Buluttan'\u0131n geli\u015fmi\u015f \u00f6zellikleri ve ger\u00e7ek zamanl\u0131, hiper-lokal hava verileriyle yenilenebilir enerji kaynaklar\u0131n\u0131z\u0131 optimize edin.","og_url":"https:\/\/editorial.buluttan.com\/?page_id=326","og_site_name":"Buluttan Blog","article_modified_time":"2025-03-10T23:00:57+00:00","og_image":[{"width":1000,"height":480,"url":"https:\/\/buluttan-cdn.s3.eu-central-1.amazonaws.com\/images\/weather-blog\/2024\/01\/renewable-energy.webp","type":"image\/webp"}],"twitter_card":"summary_large_image","twitter_misc":{"Est. reading time":"2 minutes"},"schema":{"@context":"https:\/\/schema.org","@graph":[{"@type":"WebPage","@id":"https:\/\/editorial.buluttan.com\/?page_id=326","url":"https:\/\/editorial.buluttan.com\/?page_id=326","name":"Yenilenebilir Enerji - Buluttan Blog","isPartOf":{"@id":"https:\/\/editorial.buluttan.com\/#website"},"datePublished":"2025-02-14T01:02:24+00:00","dateModified":"2025-03-10T23:00:57+00:00","description":"Buluttan'\u0131n geli\u015fmi\u015f \u00f6zellikleri ve ger\u00e7ek zamanl\u0131, hiper-lokal hava verileriyle yenilenebilir enerji kaynaklar\u0131n\u0131z\u0131 optimize edin.","breadcrumb":{"@id":"https:\/\/editorial.buluttan.com\/?page_id=326#breadcrumb"},"inLanguage":"en-US","potentialAction":[{"@type":"ReadAction","target":["https:\/\/editorial.buluttan.com\/?page_id=326"]}]},{"@type":"BreadcrumbList","@id":"https:\/\/editorial.buluttan.com\/?page_id=326#breadcrumb","itemListElement":[{"@type":"ListItem","position":1,"name":"Home","item":"https:\/\/editorial.buluttan.com\/"},{"@type":"ListItem","position":2,"name":"Yenilenebilir Enerji"}]},{"@type":"WebSite","@id":"https:\/\/editorial.buluttan.com\/#website","url":"https:\/\/editorial.buluttan.com\/","name":"Buluttan Blog","description":"","potentialAction":[{"@type":"SearchAction","target":{"@type":"EntryPoint","urlTemplate":"https:\/\/editorial.buluttan.com\/?s={search_term_string}"},"query-input":"required name=search_term_string"}],"inLanguage":"en-US"},{"@type":"Person","@id":"https:\/\/editorial.buluttan.com\/#\/schema\/person\/b34047aa6ed20aaa5c04d54a79ba5616","name":"Buluttan","image":{"@type":"ImageObject","inLanguage":"en-US","@id":"https:\/\/editorial.buluttan.com\/#\/schema\/person\/image\/","url":"https:\/\/secure.gravatar.com\/avatar\/1f133024670b160ea1178db08ff69ffe37f006e930aa97f1489816bb0ec98b12?s=96&d=mm&r=g","contentUrl":"https:\/\/secure.gravatar.com\/avatar\/1f133024670b160ea1178db08ff69ffe37f006e930aa97f1489816bb0ec98b12?s=96&d=mm&r=g","caption":"Buluttan"},"sameAs":["http:\/\/editorial.buluttan.com","https:\/\/www.linkedin.com\/company\/buluttan\/"],"url":"https:\/\/editorial.buluttan.com\/?author=1"}]}},"_links":{"self":[{"href":"https:\/\/editorial.buluttan.com\/index.php?rest_route=\/wp\/v2\/pages\/326","targetHints":{"allow":["GET"]}}],"collection":[{"href":"https:\/\/editorial.buluttan.com\/index.php?rest_route=\/wp\/v2\/pages"}],"about":[{"href":"https:\/\/editorial.buluttan.com\/index.php?rest_route=\/wp\/v2\/types\/page"}],"author":[{"embeddable":true,"href":"https:\/\/editorial.buluttan.com\/index.php?rest_route=\/wp\/v2\/users\/1"}],"replies":[{"embeddable":true,"href":"https:\/\/editorial.buluttan.com\/index.php?rest_route=%2Fwp%2Fv2%2Fcomments&post=326"}],"version-history":[{"count":35,"href":"https:\/\/editorial.buluttan.com\/index.php?rest_route=\/wp\/v2\/pages\/326\/revisions"}],"predecessor-version":[{"id":4505,"href":"https:\/\/editorial.buluttan.com\/index.php?rest_route=\/wp\/v2\/pages\/326\/revisions\/4505"}],"wp:featuredmedia":[{"embeddable":true,"href":"https:\/\/editorial.buluttan.com\/index.php?rest_route=\/wp\/v2\/media\/2082"}],"wp:attachment":[{"href":"https:\/\/editorial.buluttan.com\/index.php?rest_route=%2Fwp%2Fv2%2Fmedia&parent=326"}],"wp:term":[{"taxonomy":"category","embeddable":true,"href":"https:\/\/editorial.buluttan.com\/index.php?rest_route=%2Fwp%2Fv2%2Fcategories&post=326"},{"taxonomy":"post_tag","embeddable":true,"href":"https:\/\/editorial.buluttan.com\/index.php?rest_route=%2Fwp%2Fv2%2Ftags&post=326"}],"curies":[{"name":"wp","href":"https:\/\/api.w.org\/{rel}","templated":true}]}}