{"id":4261,"date":"2025-02-13T00:58:05","date_gmt":"2025-02-13T00:58:05","guid":{"rendered":"https:\/\/editorial.buluttan.com\/?page_id=4261"},"modified":"2025-03-10T22:55:34","modified_gmt":"2025-03-10T22:55:34","slug":"havacilik","status":"publish","type":"page","link":"https:\/\/editorial.buluttan.com\/?page_id=4261","title":{"rendered":"Havac\u0131l\u0131k"},"content":{"rendered":"\n<h2 class=\"wp-block-heading\">Buluttan Hava Zekas\u0131 ile Havac\u0131l\u0131k End\u00fcstrisinde Devrim<\/h2>\n\n\n\n<p>Havac\u0131l\u0131k end\u00fcstrisi i\u00e7in \u00f6zel olarak tasarlanm\u0131\u015f geli\u015fmi\u015f hava zekas\u0131 \u00e7a\u011f\u0131na ho\u015f geldiniz. G\u00fcvenilir Hava Zekas\u0131 orta\u011f\u0131n\u0131z <a href=\"https:\/\/www.buluttan.com\/tr\">Buluttan<\/a>, operasyonlar\u0131 y\u00f6netme, riskleri azaltma ve s\u00fcrekli de\u011fi\u015fen \u015fartlara ra\u011fmen g\u00f6ky\u00fcz\u00fcnde verimlili\u011fi art\u0131rmak i\u00e7in burada. Zorluklar\u0131n \u00fcstesinden hassasiyetle gelin ve sizi hava durumunun \u00f6n\u00fcnde tutan i\u00e7g\u00f6r\u00fclerle her u\u00e7u\u015fu optimize edin.<\/p>\n\n\n\n<h2 class=\"wp-block-heading\">Havac\u0131l\u0131kta Hava Zekas\u0131n\u0131n \u00d6nemi<\/h2>\n\n\n\n<p>2024 y\u0131l\u0131nda havac\u0131l\u0131k sekt\u00f6r\u00fcn\u00fcn toplam geliri <a href=\"https:\/\/companiesmarketcap.com\/airlines\/largest-airlines-by-revenue\/\" target=\"_blank\" rel=\"noreferrer noopener\">582 milyar dolar<\/a> ve 2030 y\u0131l\u0131na kadar <a href=\"https:\/\/companiesmarketcap.com\/airlines\/largest-airlines-by-revenue\/\" target=\"_blank\" rel=\"noreferrer noopener\">735 milyar dolara<\/a> ula\u015fmas\u0131 bekleniyor. Bu denli b\u00fcy\u00fck ve hassas bir sekt\u00f6rde ya\u015fanabilecek potansiyel problemlerin sonu\u00e7lar\u0131 da olduk\u00e7a b\u00fcy\u00fck olmaktad\u0131r. Havac\u0131l\u0131k sekt\u00f6r\u00fcnde hava olaylar\u0131n\u0131n ve meteorolojinin \u00f6nemi olduk\u00e7a b\u00fcy\u00fck bir alan kaplamaktad\u0131r. Amerika Birle\u015fik Devletleri\u2019nde Federal Havac\u0131l\u0131k \u0130daresi 2017-2022 y\u0131llar\u0131 aras\u0131nda ger\u00e7ekle\u015fen u\u00e7u\u015f gecikmelerinin yakla\u015f\u0131k %75\u2019inin hava kaynakl\u0131 oldu\u011fu bildiren bir rapor yay\u0131nlad\u0131. U\u00e7u\u015flar\u0131n gecikmesi havac\u0131l\u0131k i\u015fletmeleri i\u00e7in m\u00fc\u015fteri deneyimi ve maliyet negatif olarak yans\u0131maktad\u0131r.<\/p>\n\n\n\n<div class=\"wp-block-columns is-layout-flex wp-container-core-columns-is-layout-9d6595d7 wp-block-columns-is-layout-flex\">\n<div class=\"wp-block-column is-layout-flow wp-block-column-is-layout-flow\">\n<h3 class=\"wp-block-heading\">Maliyet<\/h3>\n\n<div style=\"width: 40px; height: 2px; background-color: white;margin: 0 0 8px;\"><\/div>\n\n<p>Uzun vadede, u\u00e7u\u015f gecikmelerinin y\u0131ll\u0131k toplam maliyeti ortalama olarak 12.4 milyar dolard\u0131r. Bu, t\u00fcm havayolu i\u015fletmelerinin toplam i\u015fletme maliyetinin %15&#8217;ini olu\u015fturuyor. K\u0131sa vadede ise, y\u0131ll\u0131k toplam gecikme maliyeti ortalama olarak 2.3 milyar dolard\u0131r. Bu da t\u00fcm havayolu i\u015fletmeleri i\u00e7in toplam yak\u0131t ve personel giderlerinin %10&#8217;unu olu\u015fturmaktad\u0131r.<\/p>\n<\/div>\n\n\n\n<div class=\"wp-block-column is-layout-flow wp-block-column-is-layout-flow\">\n<h3 class=\"wp-block-heading\">M\u00fc\u015fteri Deneyimi<\/h3>\n\n<div style=\"width: 40px; height: 2px; background-color: white;margin: 0 0 8px;\"><\/div>\n\n<p>Her sekt\u00f6rde m\u00fc\u015fteri deneyimini \u00f6l\u00e7mek i\u00e7in kullan\u0131lan <a href=\"https:\/\/www.retently.com\/blog\/good-net-promoter-score\/\" target=\"_blank\" rel=\"noreferrer noopener\">NPS puan\u0131<\/a> -100 ile 100 aras\u0131nda olan ve i\u015fletmelerin m\u00fc\u015fterilerinin g\u00f6z\u00fcnde nerede oldu\u011funu anlamalar\u0131 i\u00e7in kulland\u0131\u011f\u0131 bir parametredir. <a href=\"https:\/\/customergauge.com\/blog\/airline-customer-experience-net-promoter-score#:~:text=short%20and%20manageable.-,What's%20the%20airline%20industry%20average%20NPS%20score%3F,average%20NPS%20score%20is%2028.\" target=\"_blank\" rel=\"noreferrer noopener\">\u00d6zel havac\u0131l\u0131k i\u015fletmelerinin NPS puanlar\u0131n\u0131<\/a> ve <a href=\"https:\/\/www.generalitravelinsurance.com\/travel-resources\/worst-airlines.html\" target=\"_blank\" rel=\"noreferrer noopener\">D\u00fcnya\u2019n\u0131n en \u00e7ok gecikme ya\u015fayan \u00f6zel havac\u0131l\u0131k i\u015fletmelerine<\/a> bakabilirsiniz. G\u00f6r\u00fcld\u00fc\u011f\u00fc \u00fczere NPS puan\u0131 belirli bir seviyenin alt\u0131nda kalan her havac\u0131l\u0131k i\u015fletmesinin en \u00e7ok geciken havayollar\u0131 listesine girdi\u011fi a\u00e7\u0131k\u00e7a g\u00f6z\u00fckmektedir.<\/p>\n<\/div>\n<\/div>\n\n\n\n<h2 class=\"wp-block-heading\">Kullan\u0131m Alanlar\u0131<\/h2>\n\n\n\n<div class=\"wp-block-columns is-layout-flex wp-container-core-columns-is-layout-9d6595d7 wp-block-columns-is-layout-flex\">\n<div class=\"wp-block-column is-layout-flow wp-block-column-is-layout-flow\">\n<h3 class=\"wp-block-heading\">\u0130ni\u015f ve Kalk\u0131\u015f \u0130\u00e7in Pist D\u00fczeyi<\/h3>\n\n<div style=\"width: 40px; height: 2px; background-color: white;margin: 0 0 8px;\"><\/div>\n\n<p>Havayollar\u0131, son dakika hava verilerine pist d\u00fczeyinde ihtiya\u00e7 duyar. U\u00e7aklar\u0131n ini\u015f ve kalk\u0131\u015f\u0131 i\u00e7in olduk\u00e7a tehlikeli olabilen r\u00fczgar makas\u0131 tespitinin sa\u011flanmas\u0131. U\u00e7aklar\u0131n ini\u015f y\u00f6n\u00fcn\u00fc belirleyebilmeleri i\u00e7in pist etraf\u0131ndaki r\u00fczgar y\u00f6n\u00fc bilgisinin sa\u011flanmas\u0131 \u00f6rnek olarak verilebilir.<\/p>\n<\/div>\n\n\n\n<div class=\"wp-block-column is-layout-flow wp-block-column-is-layout-flow\">\n<h3 class=\"wp-block-heading\">Karar S\u00fcre\u00e7lerini \u0130\u015f Ak\u0131\u015f\u0131na D\u00f6kme<\/h3>\n\n<div style=\"width: 40px; height: 2px; background-color: white;margin: 0 0 8px;\"><\/div>\n\n<p>Buluttan Hava Zek\u00e2s\u0131 potansiyel r\u00fczgar, ya\u011f\u0131\u015f ve f\u0131rt\u0131na olaylar\u0131n\u0131 \u00f6ng\u00f6rerek y\u00f6nlendirme ve pist kararlar\u0131n\u0131 zaman\u0131nda alman\u0131za olanak tan\u0131r. \u0130\u015f ak\u0131\u015flar\u0131n\u0131 otomatik hale getirin, net g\u00fcvenlik protokolleri belirleyin ve tahminlere dayanarak i\u015f kararlar\u0131 al\u0131n.<\/p>\n<\/div>\n\n\n\n<div class=\"wp-block-column is-layout-flow wp-block-column-is-layout-flow\">\n<h3 class=\"wp-block-heading\">Yolcu \u00d6nceli\u011fi<\/h3>\n\n<div style=\"width: 40px; height: 2px; background-color: white;margin: 0 0 8px;\"><\/div>\n\n<p>Sad\u0131k bir m\u00fc\u015fteri kitlesi olu\u015fturmak, ileti\u015fim hatlar\u0131n\u0131z\u0131 a\u00e7\u0131k tutma yetene\u011finize dayan\u0131r. Buluttan ile m\u00fc\u015fterilere evlerinden ayr\u0131lmadan \u00f6nce ne bekleyeceklerini bildiren otomatik uyar\u0131lar kurabilir, var\u0131\u015f noktalar\u0131yla ilgili detayl\u0131 tahminler sa\u011flayabilir ve u\u00e7u\u015f s\u0131ras\u0131nda olu\u015fabilecek sorunlar hakk\u0131nda m\u00fc\u015fterileri bilgilendirebilirsiniz.<\/p>\n<\/div>\n<\/div>\n\n\n\n<figure class=\"wp-block-image size-large\"><img decoding=\"async\" width=\"1603\" height=\"460\" src=\"https:\/\/buluttan-cdn.s3.eu-central-1.amazonaws.com\/images\/weather-blog\/2025\/03\/aviation-industry-airport.webp\" alt=\"Aviation plane flying\" class=\"wp-image-4490\" srcset=\"https:\/\/buluttan-cdn.s3.eu-central-1.amazonaws.com\/images\/weather-blog\/2025\/03\/aviation-industry-airport.webp 1603w, https:\/\/buluttan-cdn.s3.eu-central-1.amazonaws.com\/images\/weather-blog\/2025\/03\/aviation-industry-airport-300x86.webp 300w, https:\/\/buluttan-cdn.s3.eu-central-1.amazonaws.com\/images\/weather-blog\/2025\/03\/aviation-industry-airport-1024x294.webp 1024w, https:\/\/buluttan-cdn.s3.eu-central-1.amazonaws.com\/images\/weather-blog\/2025\/03\/aviation-industry-airport-768x220.webp 768w, https:\/\/buluttan-cdn.s3.eu-central-1.amazonaws.com\/images\/weather-blog\/2025\/03\/aviation-industry-airport-1536x441.webp 1536w, https:\/\/buluttan-cdn.s3.eu-central-1.amazonaws.com\/images\/weather-blog\/2025\/03\/aviation-industry-airport-1568x450.webp 1568w\" sizes=\"(max-width: 1603px) 100vw, 1603px\" \/><\/figure>\n\n\n\n<h2 class=\"wp-block-heading\">Buluttan Hava Zek\u00e2s\u0131: Havayollar\u0131 \u0130\u00e7in Stratejik Bir Partner<\/h2>\n\n\n\n<p><a href=\"https:\/\/www.buluttan.com\/tr\">Buluttan Hava Zek\u00e2s\u0131<\/a>\u2019n\u0131n sa\u011flad\u0131\u011f\u0131 y\u00fcksek do\u011fruluklu ve \u00e7\u00f6z\u00fcn\u00fcrl\u00fckl\u00fc hiper-yerel hava tahminleri sayesinde havalimanlar\u0131 i\u00e7in g\u00fcvenilir ve zaman\u0131nda meteorolojik bilgilere ula\u015f\u0131lmas\u0131na olanak tan\u0131r. 100m \u00e7\u00f6z\u00fcn\u00fcrl\u00fc\u011fe kadar \u00e7\u0131kabilen modellerimizin do\u011frulu\u011fuyla varl\u0131klar\u0131n\u0131z ve ekibiniz beklenmedik hava olaylar\u0131na kar\u015f\u0131 hi\u00e7 olmad\u0131\u011f\u0131 kadar g\u00fcvende.<\/p>\n","protected":false},"excerpt":{"rendered":"<p>Buluttan Hava Zekas\u0131 ile Havac\u0131l\u0131k End\u00fcstrisinde Devrim Havac\u0131l\u0131k end\u00fcstrisi i\u00e7in \u00f6zel olarak tasarlanm\u0131\u015f geli\u015fmi\u015f hava zekas\u0131 \u00e7a\u011f\u0131na ho\u015f geldiniz. G\u00fcvenilir Hava Zekas\u0131 orta\u011f\u0131n\u0131z Buluttan, operasyonlar\u0131 y\u00f6netme, riskleri azaltma ve s\u00fcrekli de\u011fi\u015fen \u015fartlara ra\u011fmen g\u00f6ky\u00fcz\u00fcnde verimlili\u011fi art\u0131rmak i\u00e7in burada. Zorluklar\u0131n \u00fcstesinden hassasiyetle gelin ve sizi hava durumunun \u00f6n\u00fcnde tutan i\u00e7g\u00f6r\u00fclerle her u\u00e7u\u015fu optimize edin. Havac\u0131l\u0131kta Hava&hellip; <a class=\"more-link\" href=\"https:\/\/editorial.buluttan.com\/?page_id=4261\">Continue reading <span class=\"screen-reader-text\">Havac\u0131l\u0131k<\/span><\/a><\/p>\n","protected":false},"author":1,"featured_media":3120,"parent":0,"menu_order":0,"comment_status":"closed","ping_status":"closed","template":"","meta":{"footnotes":""},"categories":[29],"tags":[7],"class_list":["post-4261","page","type-page","status-publish","has-post-thumbnail","hentry","category-endustriler","tag-tr","entry"],"acf":[],"yoast_head":"<!-- This site is optimized with the Yoast SEO plugin v21.2 - https:\/\/yoast.com\/wordpress\/plugins\/seo\/ -->\n<title>Havac\u0131l\u0131k - Buluttan Blog<\/title>\n<meta name=\"description\" content=\"Modern havac\u0131l\u0131k i\u00e7in \u00f6zel ileri d\u00fczey hava zekas\u0131 \u00e7\u00f6z\u00fcmleriyle tan\u0131\u015f\u0131n ve operasyonlar\u0131n\u0131z\u0131 Buluttan ile bir \u00fcst seviyeye ta\u015f\u0131y\u0131n.\" \/>\n<meta name=\"robots\" content=\"noindex, follow, max-snippet:-1, max-image-preview:large, max-video-preview:-1\" \/>\n<meta property=\"og:locale\" content=\"en_US\" \/>\n<meta property=\"og:type\" content=\"article\" \/>\n<meta property=\"og:title\" content=\"Havac\u0131l\u0131k - Buluttan Blog\" \/>\n<meta property=\"og:description\" content=\"Modern havac\u0131l\u0131k i\u00e7in \u00f6zel ileri d\u00fczey hava zekas\u0131 \u00e7\u00f6z\u00fcmleriyle tan\u0131\u015f\u0131n ve operasyonlar\u0131n\u0131z\u0131 Buluttan ile bir \u00fcst seviyeye ta\u015f\u0131y\u0131n.\" \/>\n<meta property=\"og:url\" content=\"https:\/\/editorial.buluttan.com\/?page_id=4261\" \/>\n<meta property=\"og:site_name\" content=\"Buluttan Blog\" \/>\n<meta property=\"article:modified_time\" content=\"2025-03-10T22:55:34+00:00\" \/>\n<meta property=\"og:image\" content=\"https:\/\/buluttan-cdn.s3.eu-central-1.amazonaws.com\/images\/weather-blog\/2024\/03\/top-of-an-aircraft.webp\" \/>\n\t<meta property=\"og:image:width\" content=\"1000\" \/>\n\t<meta property=\"og:image:height\" content=\"480\" \/>\n\t<meta property=\"og:image:type\" content=\"image\/webp\" \/>\n<meta name=\"twitter:card\" content=\"summary_large_image\" \/>\n<meta name=\"twitter:label1\" content=\"Est. reading time\" \/>\n\t<meta name=\"twitter:data1\" content=\"3 minutes\" \/>\n<script type=\"application\/ld+json\" class=\"yoast-schema-graph\">{\"@context\":\"https:\/\/schema.org\",\"@graph\":[{\"@type\":\"WebPage\",\"@id\":\"https:\/\/editorial.buluttan.com\/?page_id=4261\",\"url\":\"https:\/\/editorial.buluttan.com\/?page_id=4261\",\"name\":\"Havac\u0131l\u0131k - Buluttan Blog\",\"isPartOf\":{\"@id\":\"https:\/\/editorial.buluttan.com\/#website\"},\"datePublished\":\"2025-02-13T00:58:05+00:00\",\"dateModified\":\"2025-03-10T22:55:34+00:00\",\"description\":\"Modern havac\u0131l\u0131k i\u00e7in \u00f6zel ileri d\u00fczey hava zekas\u0131 \u00e7\u00f6z\u00fcmleriyle tan\u0131\u015f\u0131n ve operasyonlar\u0131n\u0131z\u0131 Buluttan ile bir \u00fcst seviyeye ta\u015f\u0131y\u0131n.\",\"breadcrumb\":{\"@id\":\"https:\/\/editorial.buluttan.com\/?page_id=4261#breadcrumb\"},\"inLanguage\":\"en-US\",\"potentialAction\":[{\"@type\":\"ReadAction\",\"target\":[\"https:\/\/editorial.buluttan.com\/?page_id=4261\"]}]},{\"@type\":\"BreadcrumbList\",\"@id\":\"https:\/\/editorial.buluttan.com\/?page_id=4261#breadcrumb\",\"itemListElement\":[{\"@type\":\"ListItem\",\"position\":1,\"name\":\"Home\",\"item\":\"https:\/\/editorial.buluttan.com\/\"},{\"@type\":\"ListItem\",\"position\":2,\"name\":\"Havac\u0131l\u0131k\"}]},{\"@type\":\"WebSite\",\"@id\":\"https:\/\/editorial.buluttan.com\/#website\",\"url\":\"https:\/\/editorial.buluttan.com\/\",\"name\":\"Buluttan Blog\",\"description\":\"\",\"potentialAction\":[{\"@type\":\"SearchAction\",\"target\":{\"@type\":\"EntryPoint\",\"urlTemplate\":\"https:\/\/editorial.buluttan.com\/?s={search_term_string}\"},\"query-input\":\"required name=search_term_string\"}],\"inLanguage\":\"en-US\"},{\"@type\":\"Person\",\"@id\":\"https:\/\/editorial.buluttan.com\/#\/schema\/person\/b34047aa6ed20aaa5c04d54a79ba5616\",\"name\":\"Buluttan\",\"image\":{\"@type\":\"ImageObject\",\"inLanguage\":\"en-US\",\"@id\":\"https:\/\/editorial.buluttan.com\/#\/schema\/person\/image\/\",\"url\":\"https:\/\/secure.gravatar.com\/avatar\/1f133024670b160ea1178db08ff69ffe37f006e930aa97f1489816bb0ec98b12?s=96&d=mm&r=g\",\"contentUrl\":\"https:\/\/secure.gravatar.com\/avatar\/1f133024670b160ea1178db08ff69ffe37f006e930aa97f1489816bb0ec98b12?s=96&d=mm&r=g\",\"caption\":\"Buluttan\"},\"sameAs\":[\"http:\/\/editorial.buluttan.com\",\"https:\/\/www.linkedin.com\/company\/buluttan\/\"],\"url\":\"https:\/\/editorial.buluttan.com\/?author=1\"}]}<\/script>\n<!-- \/ Yoast SEO plugin. -->","yoast_head_json":{"title":"Havac\u0131l\u0131k - Buluttan Blog","description":"Modern havac\u0131l\u0131k i\u00e7in \u00f6zel ileri d\u00fczey hava zekas\u0131 \u00e7\u00f6z\u00fcmleriyle tan\u0131\u015f\u0131n ve operasyonlar\u0131n\u0131z\u0131 Buluttan ile bir \u00fcst seviyeye ta\u015f\u0131y\u0131n.","robots":{"index":"noindex","follow":"follow","max-snippet":"max-snippet:-1","max-image-preview":"max-image-preview:large","max-video-preview":"max-video-preview:-1"},"og_locale":"en_US","og_type":"article","og_title":"Havac\u0131l\u0131k - Buluttan Blog","og_description":"Modern havac\u0131l\u0131k i\u00e7in \u00f6zel ileri d\u00fczey hava zekas\u0131 \u00e7\u00f6z\u00fcmleriyle tan\u0131\u015f\u0131n ve operasyonlar\u0131n\u0131z\u0131 Buluttan ile bir \u00fcst seviyeye ta\u015f\u0131y\u0131n.","og_url":"https:\/\/editorial.buluttan.com\/?page_id=4261","og_site_name":"Buluttan Blog","article_modified_time":"2025-03-10T22:55:34+00:00","og_image":[{"width":1000,"height":480,"url":"https:\/\/buluttan-cdn.s3.eu-central-1.amazonaws.com\/images\/weather-blog\/2024\/03\/top-of-an-aircraft.webp","type":"image\/webp"}],"twitter_card":"summary_large_image","twitter_misc":{"Est. reading time":"3 minutes"},"schema":{"@context":"https:\/\/schema.org","@graph":[{"@type":"WebPage","@id":"https:\/\/editorial.buluttan.com\/?page_id=4261","url":"https:\/\/editorial.buluttan.com\/?page_id=4261","name":"Havac\u0131l\u0131k - Buluttan Blog","isPartOf":{"@id":"https:\/\/editorial.buluttan.com\/#website"},"datePublished":"2025-02-13T00:58:05+00:00","dateModified":"2025-03-10T22:55:34+00:00","description":"Modern havac\u0131l\u0131k i\u00e7in \u00f6zel ileri d\u00fczey hava zekas\u0131 \u00e7\u00f6z\u00fcmleriyle tan\u0131\u015f\u0131n ve operasyonlar\u0131n\u0131z\u0131 Buluttan ile bir \u00fcst seviyeye ta\u015f\u0131y\u0131n.","breadcrumb":{"@id":"https:\/\/editorial.buluttan.com\/?page_id=4261#breadcrumb"},"inLanguage":"en-US","potentialAction":[{"@type":"ReadAction","target":["https:\/\/editorial.buluttan.com\/?page_id=4261"]}]},{"@type":"BreadcrumbList","@id":"https:\/\/editorial.buluttan.com\/?page_id=4261#breadcrumb","itemListElement":[{"@type":"ListItem","position":1,"name":"Home","item":"https:\/\/editorial.buluttan.com\/"},{"@type":"ListItem","position":2,"name":"Havac\u0131l\u0131k"}]},{"@type":"WebSite","@id":"https:\/\/editorial.buluttan.com\/#website","url":"https:\/\/editorial.buluttan.com\/","name":"Buluttan Blog","description":"","potentialAction":[{"@type":"SearchAction","target":{"@type":"EntryPoint","urlTemplate":"https:\/\/editorial.buluttan.com\/?s={search_term_string}"},"query-input":"required name=search_term_string"}],"inLanguage":"en-US"},{"@type":"Person","@id":"https:\/\/editorial.buluttan.com\/#\/schema\/person\/b34047aa6ed20aaa5c04d54a79ba5616","name":"Buluttan","image":{"@type":"ImageObject","inLanguage":"en-US","@id":"https:\/\/editorial.buluttan.com\/#\/schema\/person\/image\/","url":"https:\/\/secure.gravatar.com\/avatar\/1f133024670b160ea1178db08ff69ffe37f006e930aa97f1489816bb0ec98b12?s=96&d=mm&r=g","contentUrl":"https:\/\/secure.gravatar.com\/avatar\/1f133024670b160ea1178db08ff69ffe37f006e930aa97f1489816bb0ec98b12?s=96&d=mm&r=g","caption":"Buluttan"},"sameAs":["http:\/\/editorial.buluttan.com","https:\/\/www.linkedin.com\/company\/buluttan\/"],"url":"https:\/\/editorial.buluttan.com\/?author=1"}]}},"_links":{"self":[{"href":"https:\/\/editorial.buluttan.com\/index.php?rest_route=\/wp\/v2\/pages\/4261","targetHints":{"allow":["GET"]}}],"collection":[{"href":"https:\/\/editorial.buluttan.com\/index.php?rest_route=\/wp\/v2\/pages"}],"about":[{"href":"https:\/\/editorial.buluttan.com\/index.php?rest_route=\/wp\/v2\/types\/page"}],"author":[{"embeddable":true,"href":"https:\/\/editorial.buluttan.com\/index.php?rest_route=\/wp\/v2\/users\/1"}],"replies":[{"embeddable":true,"href":"https:\/\/editorial.buluttan.com\/index.php?rest_route=%2Fwp%2Fv2%2Fcomments&post=4261"}],"version-history":[{"count":6,"href":"https:\/\/editorial.buluttan.com\/index.php?rest_route=\/wp\/v2\/pages\/4261\/revisions"}],"predecessor-version":[{"id":4502,"href":"https:\/\/editorial.buluttan.com\/index.php?rest_route=\/wp\/v2\/pages\/4261\/revisions\/4502"}],"wp:featuredmedia":[{"embeddable":true,"href":"https:\/\/editorial.buluttan.com\/index.php?rest_route=\/wp\/v2\/media\/3120"}],"wp:attachment":[{"href":"https:\/\/editorial.buluttan.com\/index.php?rest_route=%2Fwp%2Fv2%2Fmedia&parent=4261"}],"wp:term":[{"taxonomy":"category","embeddable":true,"href":"https:\/\/editorial.buluttan.com\/index.php?rest_route=%2Fwp%2Fv2%2Fcategories&post=4261"},{"taxonomy":"post_tag","embeddable":true,"href":"https:\/\/editorial.buluttan.com\/index.php?rest_route=%2Fwp%2Fv2%2Ftags&post=4261"}],"curies":[{"name":"wp","href":"https:\/\/api.w.org\/{rel}","templated":true}]}}