{"id":4613,"date":"2025-06-07T18:05:15","date_gmt":"2025-06-07T18:05:15","guid":{"rendered":"https:\/\/editorial.buluttan.com\/?page_id=4613"},"modified":"2025-08-12T08:56:37","modified_gmt":"2025-08-12T08:56:37","slug":"super-hucre-nedir","status":"publish","type":"page","link":"https:\/\/editorial.buluttan.com\/?page_id=4613","title":{"rendered":"S\u00fcper H\u00fccre Nedir?"},"content":{"rendered":"\n<p>S\u00fcper h\u00fccreler, mezosiklon olarak bilinen s\u00fcrekli ve d\u00f6nen yukar\u0131 y\u00f6nl\u00fc hava ak\u0131mlar\u0131yla di\u011fer <a href=\"https:\/\/www.buluttan.com\/tr\/blog\/siddetli-hava\/kis-firtinalari-ve-iklim-degisimi\">f\u0131rt\u0131na<\/a> t\u00fcrlerinden ayr\u0131l\u0131r. Bu f\u0131rt\u0131nalar saatlerce s\u00fcrebilir ve geni\u015f alanlarda <a href=\"https:\/\/www.buluttan.com\/tr\/blog\/siddetli-hava\/ekstrem-hava-olaylar-ve-etkileri\">\u015fiddetli hava ko\u015fullar\u0131na<\/a> neden olabilir.<\/p>\n\n\n\n<figure class=\"wp-block-image size-full\"><img decoding=\"async\" width=\"1000\" height=\"500\" src=\"https:\/\/buluttan-cdn.s3.eu-central-1.amazonaws.com\/images\/weather-blog\/2025\/06\/supercell-infographic.webp\" alt=\"S\u00fcper h\u00fccreli bir f\u0131rt\u0131nan\u0131n yap\u0131s\u0131n\u0131 g\u00f6steren diyagram\" class=\"wp-image-4611\" srcset=\"https:\/\/buluttan-cdn.s3.eu-central-1.amazonaws.com\/images\/weather-blog\/2025\/06\/supercell-infographic.webp 1000w, https:\/\/buluttan-cdn.s3.eu-central-1.amazonaws.com\/images\/weather-blog\/2025\/06\/supercell-infographic-300x150.webp 300w, https:\/\/buluttan-cdn.s3.eu-central-1.amazonaws.com\/images\/weather-blog\/2025\/06\/supercell-infographic-768x384.webp 768w\" sizes=\"(max-width: 1000px) 100vw, 1000px\" \/><figcaption class=\"wp-element-caption\">S\u00fcper h\u00fccreli f\u0131rt\u0131nan\u0131n anatomisi<\/figcaption><\/figure>\n\n\n\n<h2 class=\"wp-block-heading\"><strong>S\u00fcper H\u00fccrelerin Temel \u00d6zellikleri:<\/strong><\/h2>\n\n\n\n<ul class=\"wp-block-list\">\n<li><strong>Mezosiklon:<\/strong> R\u00fczgar radar\u0131nda kuvvetli bir h\u0131z \u00e7ifti olarak g\u00f6r\u00fclebilen, d\u00f6nen y\u00fckselen hava s\u00fctunu.<\/li>\n\n\n\n<li><strong>\u00d6rg\u00fc Bulutu (Anvil Cloud):<\/strong> Y\u00fcksek irtifadaki r\u00fczgarlar nedeniyle r\u00fczgar y\u00f6n\u00fcne do\u011fru yay\u0131lan d\u00fcz bir bulut tepesi.<\/li>\n\n\n\n<li><strong>Ta\u015fan Tepe (Overshooting Top):<\/strong> Anvil bulutunun \u00fczerinde olu\u015fan, yo\u011fun yukar\u0131 y\u00f6nl\u00fc hareketi g\u00f6steren kubbe \u015feklinde \u00e7\u0131k\u0131nt\u0131.<\/li>\n\n\n\n<li><strong>Duvar Bulutu:<\/strong> Tornado olu\u015fumunu i\u015faret edebilen, bulut taban\u0131n\u0131n al\u00e7almas\u0131.<\/li>\n<\/ul>\n\n\n\n<h2 class=\"wp-block-heading\"><strong>S\u00fcper H\u00fccre T\u00fcrleri:<\/strong><\/h2>\n\n\n\n<ol start=\"1\" class=\"wp-block-list\">\n<li><strong>Klasik S\u00fcper H\u00fccre:<\/strong> Dolu, kuvvetli r\u00fczgar ve hortum gibi t\u00fcm tehlikeleri \u00fcretebilir.<\/li>\n\n\n\n<li><strong>D\u00fc\u015f\u00fck Ya\u011f\u0131\u015fl\u0131 (LP) S\u00fcper H\u00fccre:<\/strong> Az ya\u011f\u0131\u015f, ancak y\u00fcksek r\u00fczgar ve dolu potansiyeli.<\/li>\n\n\n\n<li><strong>Y\u00fcksek Ya\u011f\u0131\u015fl\u0131 (HP) S\u00fcper H\u00fccre:<\/strong> Yo\u011fun ya\u011f\u0131\u015f, d\u00fc\u015f\u00fck g\u00f6r\u00fc\u015f mesafesi ve sel riski ta\u015f\u0131r.<\/li>\n<\/ol>\n\n\n\n<h3 class=\"wp-block-heading\"><strong>Olu\u015fum Ko\u015fullar\u0131:<\/strong><\/h3>\n\n\n\n<p>S\u00fcper h\u00fccreler, y\u00fczeye yak\u0131n s\u0131cak ve nemli havan\u0131n yukar\u0131daki daha so\u011fuk ve kuru hava ile kar\u015f\u0131la\u015ft\u0131\u011f\u0131 ve a\u015fa\u011f\u0131daki ko\u015fullar\u0131n mevcut oldu\u011fu ortamlarda olu\u015fur:<\/p>\n\n\n\n<ul class=\"wp-block-list\">\n<li>G\u00fc\u00e7l\u00fc dikey r\u00fczgar kesmesi<\/li>\n\n\n\n<li>Y\u00fcksek karars\u0131zl\u0131k (CAPE)<\/li>\n\n\n\n<li>Cepheler veya kuru hatlardan kaynaklanan y\u00fckselme<\/li>\n<\/ul>\n\n\n\n<h2 class=\"wp-block-heading\"><strong>Neden \u00d6nemlidir?<\/strong><\/h2>\n\n\n\n<p>S\u00fcper h\u00fccreler, \u00e7o\u011fu b\u00fcy\u00fck hortum ve dolu olay\u0131n\u0131n nedenidir. Uzun \u00f6m\u00fcrl\u00fc ve \u015fiddetli yap\u0131lar\u0131 nedeniyle hem ara\u015ft\u0131rma hem de tahmin \u00e7al\u0131\u015fmalar\u0131n\u0131n merkezindedir. Bu f\u0131rt\u0131nalar\u0131n davran\u0131\u015flar\u0131n\u0131 anlamak, zaman\u0131nda uyar\u0131 verebilmek ve hasar\u0131 azaltmak i\u00e7in kritik \u00f6neme sahiptir.<\/p>\n\n\n\n<h2 class=\"wp-block-heading\"><strong>Buluttan&#8217;\u0131n Tahmin \u00dcst\u00fcnl\u00fc\u011f\u00fc:<\/strong><\/h2>\n\n\n\n<p>Buluttan, yapay zeka destekli atmosferik modelleme sayesinde s\u00fcper h\u00fccre olu\u015fumu i\u00e7in elveri\u015fli ko\u015fullar\u0131 daha erken ve daha do\u011fru \u015fekilde tespit eder. Hiper-yerel uyar\u0131lar\u0131m\u0131z, \u015fehirlerin, ula\u015f\u0131m sistemlerinin ve acil durum ekiplerinin daha h\u0131zl\u0131 ve etkili \u015fekilde yan\u0131t vermesine yard\u0131mc\u0131 olmak i\u00e7in tasarlanm\u0131\u015ft\u0131r.<\/p>\n","protected":false},"excerpt":{"rendered":"<p>S\u00fcper h\u00fccreler, mezosiklon olarak bilinen s\u00fcrekli ve d\u00f6nen yukar\u0131 y\u00f6nl\u00fc hava ak\u0131mlar\u0131yla di\u011fer f\u0131rt\u0131na t\u00fcrlerinden ayr\u0131l\u0131r. Bu f\u0131rt\u0131nalar saatlerce s\u00fcrebilir ve geni\u015f alanlarda \u015fiddetli hava ko\u015fullar\u0131na neden olabilir. S\u00fcper H\u00fccrelerin Temel \u00d6zellikleri: S\u00fcper H\u00fccre T\u00fcrleri: Olu\u015fum Ko\u015fullar\u0131: S\u00fcper h\u00fccreler, y\u00fczeye yak\u0131n s\u0131cak ve nemli havan\u0131n yukar\u0131daki daha so\u011fuk ve kuru hava ile kar\u015f\u0131la\u015ft\u0131\u011f\u0131 ve a\u015fa\u011f\u0131daki&hellip; <a class=\"more-link\" href=\"https:\/\/editorial.buluttan.com\/?page_id=4613\">Continue reading <span class=\"screen-reader-text\">S\u00fcper H\u00fccre Nedir?<\/span><\/a><\/p>\n","protected":false},"author":1,"featured_media":0,"parent":0,"menu_order":0,"comment_status":"closed","ping_status":"closed","template":"","meta":{"footnotes":""},"categories":[235],"tags":[7],"class_list":["post-4613","page","type-page","status-publish","hentry","category-glossary","tag-tr","entry"],"acf":[],"yoast_head":"<!-- This site is optimized with the Yoast SEO plugin v21.2 - https:\/\/yoast.com\/wordpress\/plugins\/seo\/ -->\n<title>S\u00fcper H\u00fccreli F\u0131rt\u0131nalar<\/title>\n<meta name=\"description\" content=\"Bir s\u00fcper h\u00fccrenin ne oldu\u011funu, nas\u0131l olu\u015ftu\u011funu ve neden en tehlikeli f\u0131rt\u0131na t\u00fcr\u00fc oldu\u011funu \u00f6\u011frenin. S\u00fcper h\u00fccreli f\u0131rt\u0131nalar\u0131n arkas\u0131ndaki bilimi ke\u015ffedin.\" \/>\n<meta name=\"robots\" content=\"noindex, follow, max-snippet:-1, max-image-preview:large, max-video-preview:-1\" \/>\n<meta property=\"og:locale\" content=\"en_US\" \/>\n<meta property=\"og:type\" content=\"article\" \/>\n<meta property=\"og:title\" content=\"S\u00fcper H\u00fccreli F\u0131rt\u0131nalar\" \/>\n<meta property=\"og:description\" content=\"Bir s\u00fcper h\u00fccrenin ne oldu\u011funu, nas\u0131l olu\u015ftu\u011funu ve neden en tehlikeli f\u0131rt\u0131na t\u00fcr\u00fc oldu\u011funu \u00f6\u011frenin. S\u00fcper h\u00fccreli f\u0131rt\u0131nalar\u0131n arkas\u0131ndaki bilimi ke\u015ffedin.\" \/>\n<meta property=\"og:url\" content=\"https:\/\/editorial.buluttan.com\/?page_id=4613\" \/>\n<meta property=\"og:site_name\" content=\"Buluttan Blog\" \/>\n<meta property=\"article:modified_time\" content=\"2025-08-12T08:56:37+00:00\" \/>\n<meta property=\"og:image\" content=\"https:\/\/editorial.buluttan.com\/wp-content\/uploads\/2025\/06\/supercell-infographic.webp\" \/>\n<meta name=\"twitter:card\" content=\"summary_large_image\" \/>\n<meta name=\"twitter:label1\" content=\"Est. reading time\" \/>\n\t<meta name=\"twitter:data1\" content=\"2 minutes\" \/>\n<script type=\"application\/ld+json\" class=\"yoast-schema-graph\">{\"@context\":\"https:\/\/schema.org\",\"@graph\":[{\"@type\":\"WebPage\",\"@id\":\"https:\/\/editorial.buluttan.com\/?page_id=4613\",\"url\":\"https:\/\/editorial.buluttan.com\/?page_id=4613\",\"name\":\"S\u00fcper H\u00fccreli F\u0131rt\u0131nalar\",\"isPartOf\":{\"@id\":\"https:\/\/editorial.buluttan.com\/#website\"},\"datePublished\":\"2025-06-07T18:05:15+00:00\",\"dateModified\":\"2025-08-12T08:56:37+00:00\",\"description\":\"Bir s\u00fcper h\u00fccrenin ne oldu\u011funu, nas\u0131l olu\u015ftu\u011funu ve neden en tehlikeli f\u0131rt\u0131na t\u00fcr\u00fc oldu\u011funu \u00f6\u011frenin. S\u00fcper h\u00fccreli f\u0131rt\u0131nalar\u0131n arkas\u0131ndaki bilimi ke\u015ffedin.\",\"breadcrumb\":{\"@id\":\"https:\/\/editorial.buluttan.com\/?page_id=4613#breadcrumb\"},\"inLanguage\":\"en-US\",\"potentialAction\":[{\"@type\":\"ReadAction\",\"target\":[\"https:\/\/editorial.buluttan.com\/?page_id=4613\"]}]},{\"@type\":\"BreadcrumbList\",\"@id\":\"https:\/\/editorial.buluttan.com\/?page_id=4613#breadcrumb\",\"itemListElement\":[{\"@type\":\"ListItem\",\"position\":1,\"name\":\"Home\",\"item\":\"https:\/\/editorial.buluttan.com\/\"},{\"@type\":\"ListItem\",\"position\":2,\"name\":\"S\u00fcper H\u00fccre Nedir?\"}]},{\"@type\":\"WebSite\",\"@id\":\"https:\/\/editorial.buluttan.com\/#website\",\"url\":\"https:\/\/editorial.buluttan.com\/\",\"name\":\"Buluttan Blog\",\"description\":\"\",\"potentialAction\":[{\"@type\":\"SearchAction\",\"target\":{\"@type\":\"EntryPoint\",\"urlTemplate\":\"https:\/\/editorial.buluttan.com\/?s={search_term_string}\"},\"query-input\":\"required name=search_term_string\"}],\"inLanguage\":\"en-US\"},{\"@type\":\"Person\",\"@id\":\"https:\/\/editorial.buluttan.com\/#\/schema\/person\/b34047aa6ed20aaa5c04d54a79ba5616\",\"name\":\"Buluttan\",\"image\":{\"@type\":\"ImageObject\",\"inLanguage\":\"en-US\",\"@id\":\"https:\/\/editorial.buluttan.com\/#\/schema\/person\/image\/\",\"url\":\"https:\/\/secure.gravatar.com\/avatar\/1f133024670b160ea1178db08ff69ffe37f006e930aa97f1489816bb0ec98b12?s=96&d=mm&r=g\",\"contentUrl\":\"https:\/\/secure.gravatar.com\/avatar\/1f133024670b160ea1178db08ff69ffe37f006e930aa97f1489816bb0ec98b12?s=96&d=mm&r=g\",\"caption\":\"Buluttan\"},\"sameAs\":[\"http:\/\/editorial.buluttan.com\",\"https:\/\/www.linkedin.com\/company\/buluttan\/\"],\"url\":\"https:\/\/editorial.buluttan.com\/?author=1\"}]}<\/script>\n<!-- \/ Yoast SEO plugin. -->","yoast_head_json":{"title":"S\u00fcper H\u00fccreli F\u0131rt\u0131nalar","description":"Bir s\u00fcper h\u00fccrenin ne oldu\u011funu, nas\u0131l olu\u015ftu\u011funu ve neden en tehlikeli f\u0131rt\u0131na t\u00fcr\u00fc oldu\u011funu \u00f6\u011frenin. S\u00fcper h\u00fccreli f\u0131rt\u0131nalar\u0131n arkas\u0131ndaki bilimi ke\u015ffedin.","robots":{"index":"noindex","follow":"follow","max-snippet":"max-snippet:-1","max-image-preview":"max-image-preview:large","max-video-preview":"max-video-preview:-1"},"og_locale":"en_US","og_type":"article","og_title":"S\u00fcper H\u00fccreli F\u0131rt\u0131nalar","og_description":"Bir s\u00fcper h\u00fccrenin ne oldu\u011funu, nas\u0131l olu\u015ftu\u011funu ve neden en tehlikeli f\u0131rt\u0131na t\u00fcr\u00fc oldu\u011funu \u00f6\u011frenin. S\u00fcper h\u00fccreli f\u0131rt\u0131nalar\u0131n arkas\u0131ndaki bilimi ke\u015ffedin.","og_url":"https:\/\/editorial.buluttan.com\/?page_id=4613","og_site_name":"Buluttan Blog","article_modified_time":"2025-08-12T08:56:37+00:00","og_image":[{"url":"https:\/\/editorial.buluttan.com\/wp-content\/uploads\/2025\/06\/supercell-infographic.webp"}],"twitter_card":"summary_large_image","twitter_misc":{"Est. reading time":"2 minutes"},"schema":{"@context":"https:\/\/schema.org","@graph":[{"@type":"WebPage","@id":"https:\/\/editorial.buluttan.com\/?page_id=4613","url":"https:\/\/editorial.buluttan.com\/?page_id=4613","name":"S\u00fcper H\u00fccreli F\u0131rt\u0131nalar","isPartOf":{"@id":"https:\/\/editorial.buluttan.com\/#website"},"datePublished":"2025-06-07T18:05:15+00:00","dateModified":"2025-08-12T08:56:37+00:00","description":"Bir s\u00fcper h\u00fccrenin ne oldu\u011funu, nas\u0131l olu\u015ftu\u011funu ve neden en tehlikeli f\u0131rt\u0131na t\u00fcr\u00fc oldu\u011funu \u00f6\u011frenin. S\u00fcper h\u00fccreli f\u0131rt\u0131nalar\u0131n arkas\u0131ndaki bilimi ke\u015ffedin.","breadcrumb":{"@id":"https:\/\/editorial.buluttan.com\/?page_id=4613#breadcrumb"},"inLanguage":"en-US","potentialAction":[{"@type":"ReadAction","target":["https:\/\/editorial.buluttan.com\/?page_id=4613"]}]},{"@type":"BreadcrumbList","@id":"https:\/\/editorial.buluttan.com\/?page_id=4613#breadcrumb","itemListElement":[{"@type":"ListItem","position":1,"name":"Home","item":"https:\/\/editorial.buluttan.com\/"},{"@type":"ListItem","position":2,"name":"S\u00fcper H\u00fccre Nedir?"}]},{"@type":"WebSite","@id":"https:\/\/editorial.buluttan.com\/#website","url":"https:\/\/editorial.buluttan.com\/","name":"Buluttan Blog","description":"","potentialAction":[{"@type":"SearchAction","target":{"@type":"EntryPoint","urlTemplate":"https:\/\/editorial.buluttan.com\/?s={search_term_string}"},"query-input":"required name=search_term_string"}],"inLanguage":"en-US"},{"@type":"Person","@id":"https:\/\/editorial.buluttan.com\/#\/schema\/person\/b34047aa6ed20aaa5c04d54a79ba5616","name":"Buluttan","image":{"@type":"ImageObject","inLanguage":"en-US","@id":"https:\/\/editorial.buluttan.com\/#\/schema\/person\/image\/","url":"https:\/\/secure.gravatar.com\/avatar\/1f133024670b160ea1178db08ff69ffe37f006e930aa97f1489816bb0ec98b12?s=96&d=mm&r=g","contentUrl":"https:\/\/secure.gravatar.com\/avatar\/1f133024670b160ea1178db08ff69ffe37f006e930aa97f1489816bb0ec98b12?s=96&d=mm&r=g","caption":"Buluttan"},"sameAs":["http:\/\/editorial.buluttan.com","https:\/\/www.linkedin.com\/company\/buluttan\/"],"url":"https:\/\/editorial.buluttan.com\/?author=1"}]}},"_links":{"self":[{"href":"https:\/\/editorial.buluttan.com\/index.php?rest_route=\/wp\/v2\/pages\/4613","targetHints":{"allow":["GET"]}}],"collection":[{"href":"https:\/\/editorial.buluttan.com\/index.php?rest_route=\/wp\/v2\/pages"}],"about":[{"href":"https:\/\/editorial.buluttan.com\/index.php?rest_route=\/wp\/v2\/types\/page"}],"author":[{"embeddable":true,"href":"https:\/\/editorial.buluttan.com\/index.php?rest_route=\/wp\/v2\/users\/1"}],"replies":[{"embeddable":true,"href":"https:\/\/editorial.buluttan.com\/index.php?rest_route=%2Fwp%2Fv2%2Fcomments&post=4613"}],"version-history":[{"count":2,"href":"https:\/\/editorial.buluttan.com\/index.php?rest_route=\/wp\/v2\/pages\/4613\/revisions"}],"predecessor-version":[{"id":4617,"href":"https:\/\/editorial.buluttan.com\/index.php?rest_route=\/wp\/v2\/pages\/4613\/revisions\/4617"}],"wp:attachment":[{"href":"https:\/\/editorial.buluttan.com\/index.php?rest_route=%2Fwp%2Fv2%2Fmedia&parent=4613"}],"wp:term":[{"taxonomy":"category","embeddable":true,"href":"https:\/\/editorial.buluttan.com\/index.php?rest_route=%2Fwp%2Fv2%2Fcategories&post=4613"},{"taxonomy":"post_tag","embeddable":true,"href":"https:\/\/editorial.buluttan.com\/index.php?rest_route=%2Fwp%2Fv2%2Ftags&post=4613"}],"curies":[{"name":"wp","href":"https:\/\/api.w.org\/{rel}","templated":true}]}}