{"id":4786,"date":"2025-08-21T17:32:14","date_gmt":"2025-08-21T17:32:14","guid":{"rendered":"https:\/\/editorial.buluttan.com\/?page_id=4786"},"modified":"2025-08-21T17:33:10","modified_gmt":"2025-08-21T17:33:10","slug":"albedo","status":"publish","type":"page","link":"https:\/\/editorial.buluttan.com\/?page_id=4786","title":{"rendered":"Albedo"},"content":{"rendered":"\n<h2 class=\"wp-block-heading\">Albedo Nedir?<\/h2>\n\n\n\n<p>Albedo, bir y\u00fczeyin yans\u0131tt\u0131\u011f\u0131 g\u00fcne\u015f \u0131\u015f\u0131\u011f\u0131 miktar\u0131n\u0131 ifade eder; 0 (tam so\u011furma) ile 1 (tam yans\u0131ma) aras\u0131nda \u00f6l\u00e7\u00fcl\u00fcr. Daha koyu y\u00fczeyler (asfalt, beton ve siyah boya gibi) genellikle 0\u2019a, daha a\u00e7\u0131k y\u00fczeyler (mermer, beyaz kaplama ve kar gibi) ise genellikle 1\u2019e daha yak\u0131nd\u0131r.<\/p>\n\n\n\n<figure class=\"wp-block-image size-full\"><img decoding=\"async\" width=\"1000\" height=\"667\" src=\"https:\/\/buluttan-cdn.s3.eu-central-1.amazonaws.com\/images\/weather-blog\/2025\/08\/albedo-infographic.jpg\" alt=\"Albedo infographic\" class=\"wp-image-4783\" srcset=\"https:\/\/buluttan-cdn.s3.eu-central-1.amazonaws.com\/images\/weather-blog\/2025\/08\/albedo-infographic.jpg 1000w, https:\/\/buluttan-cdn.s3.eu-central-1.amazonaws.com\/images\/weather-blog\/2025\/08\/albedo-infographic-300x200.jpg 300w, https:\/\/buluttan-cdn.s3.eu-central-1.amazonaws.com\/images\/weather-blog\/2025\/08\/albedo-infographic-768x512.jpg 768w\" sizes=\"(max-width: 1000px) 100vw, 1000px\" \/><\/figure>\n\n\n\n<h2 class=\"wp-block-heading\">Albedo Hava Durumunu ve Hava Tahminlerini Nas\u0131l Etkiler?<\/h2>\n\n\n\n<p>Albedo a\u011f\u0131rl\u0131kl\u0131 olarak <a href=\"https:\/\/www.buluttan.com\/tr\/terimler\/meteoroloji\">s\u0131cakl\u0131k tahminlerini etkiler<\/a>. Bir b\u00f6lge i\u00e7indeki de\u011fi\u015fen albedo de\u011ferleri bir s\u0131cakl\u0131k gradyan\u0131 olu\u015fturabilir; bu da farkl\u0131 s\u0131cakl\u0131klara ve dolay\u0131s\u0131yla tahminlerde farkl\u0131l\u0131klara ba\u011fl\u0131 olarak de\u011fi\u015febilir.<\/p>\n\n\n\n<p>Albedo, bir y\u00fczeyin yans\u0131tt\u0131\u011f\u0131 g\u00fcne\u015f \u0131\u015f\u0131\u011f\u0131 miktar\u0131n\u0131n\u2014ve dolay\u0131s\u0131yla ne kadar\u0131n\u0131n \u0131s\u0131 olarak depoland\u0131\u011f\u0131n\u0131n\u2014\u00f6l\u00e7\u00fcs\u00fc oldu\u011fundan, mevcut hava ko\u015fullar\u0131n\u0131n etkileri \u00e7evredeki albedoya ba\u011fl\u0131 olarak de\u011fi\u015febilir. Albedo ayr\u0131ca yagis paternleri, kar erime h\u0131zlar\u0131 ve sel riskleri gibi hava etkilerini \u00f6ng\u00f6rmede de kullan\u0131l\u0131r.<\/p>\n\n\n\n<p>Albedodaki de\u011fi\u015fimler iklimde uzun vadeli de\u011fi\u015fikliklere yol a\u00e7abilir. \u00d6rne\u011fin, tarlalar ve a\u011fa\u00e7lar\u0131n koyu renkli asfalt ve \u00e7at\u0131 kaplamalar\u0131yla de\u011fi\u015ftirilmesi albedoyu d\u00fc\u015f\u00fcrerek <a href=\"https:\/\/www.buluttan.com\/tr\/blog\/iklim-degisikligi\/iklim-direncli-kentler-ve-toplumlar\">bir kentsel \u0131s\u0131 adas\u0131 olu\u015fturur<\/a>. Y\u0131llar i\u00e7inde bu ek \u0131s\u0131, f\u0131rt\u0131na olu\u015fumunu kayd\u0131rarak r\u00fczg\u00e2r alt\u0131 b\u00f6lgelerdeki ya\u011f\u0131\u015f d\u00fczenlerini de\u011fi\u015ftirir.<\/p>\n","protected":false},"excerpt":{"rendered":"<p>Albedo Nedir? Albedo, bir y\u00fczeyin yans\u0131tt\u0131\u011f\u0131 g\u00fcne\u015f \u0131\u015f\u0131\u011f\u0131 miktar\u0131n\u0131 ifade eder; 0 (tam so\u011furma) ile 1 (tam yans\u0131ma) aras\u0131nda \u00f6l\u00e7\u00fcl\u00fcr. Daha koyu y\u00fczeyler (asfalt, beton ve siyah boya gibi) genellikle 0\u2019a, daha a\u00e7\u0131k y\u00fczeyler (mermer, beyaz kaplama ve kar gibi) ise genellikle 1\u2019e daha yak\u0131nd\u0131r. Albedo Hava Durumunu ve Hava Tahminlerini Nas\u0131l Etkiler? Albedo a\u011f\u0131rl\u0131kl\u0131&hellip; <a class=\"more-link\" href=\"https:\/\/editorial.buluttan.com\/?page_id=4786\">Continue reading <span class=\"screen-reader-text\">Albedo<\/span><\/a><\/p>\n","protected":false},"author":22,"featured_media":0,"parent":0,"menu_order":0,"comment_status":"closed","ping_status":"closed","template":"","meta":{"footnotes":""},"categories":[235],"tags":[7],"class_list":["post-4786","page","type-page","status-publish","hentry","category-glossary","tag-tr","entry"],"acf":[],"yoast_head":"<!-- This site is optimized with the Yoast SEO plugin v21.2 - https:\/\/yoast.com\/wordpress\/plugins\/seo\/ -->\n<title>Albedo<\/title>\n<meta name=\"description\" content=\"Albedo, bir y\u00fczeyin yans\u0131tt\u0131\u011f\u0131 g\u00fcne\u015f \u0131\u015f\u0131\u011f\u0131 miktar\u0131n\u0131 ifade eder; 0 (tam so\u011furma) ile 1 (tam yans\u0131ma) aras\u0131nda \u00f6l\u00e7\u00fcl\u00fcr.\" \/>\n<meta name=\"robots\" content=\"noindex, follow, max-snippet:-1, max-image-preview:large, max-video-preview:-1\" \/>\n<meta property=\"og:locale\" content=\"en_US\" \/>\n<meta property=\"og:type\" content=\"article\" \/>\n<meta property=\"og:title\" content=\"Albedo\" \/>\n<meta property=\"og:description\" content=\"Albedo, bir y\u00fczeyin yans\u0131tt\u0131\u011f\u0131 g\u00fcne\u015f \u0131\u015f\u0131\u011f\u0131 miktar\u0131n\u0131 ifade eder; 0 (tam so\u011furma) ile 1 (tam yans\u0131ma) aras\u0131nda \u00f6l\u00e7\u00fcl\u00fcr.\" \/>\n<meta property=\"og:url\" content=\"https:\/\/editorial.buluttan.com\/?page_id=4786\" \/>\n<meta property=\"og:site_name\" content=\"Buluttan Blog\" \/>\n<meta property=\"article:modified_time\" content=\"2025-08-21T17:33:10+00:00\" \/>\n<meta property=\"og:image\" content=\"https:\/\/editorial.buluttan.com\/wp-content\/uploads\/2025\/08\/albedo-infographic.jpg\" \/>\n<meta name=\"twitter:card\" content=\"summary_large_image\" \/>\n<meta name=\"twitter:label1\" content=\"Est. reading time\" \/>\n\t<meta name=\"twitter:data1\" content=\"1 minute\" \/>\n<script type=\"application\/ld+json\" class=\"yoast-schema-graph\">{\"@context\":\"https:\/\/schema.org\",\"@graph\":[{\"@type\":\"WebPage\",\"@id\":\"https:\/\/editorial.buluttan.com\/?page_id=4786\",\"url\":\"https:\/\/editorial.buluttan.com\/?page_id=4786\",\"name\":\"Albedo\",\"isPartOf\":{\"@id\":\"https:\/\/editorial.buluttan.com\/#website\"},\"datePublished\":\"2025-08-21T17:32:14+00:00\",\"dateModified\":\"2025-08-21T17:33:10+00:00\",\"description\":\"Albedo, bir y\u00fczeyin yans\u0131tt\u0131\u011f\u0131 g\u00fcne\u015f \u0131\u015f\u0131\u011f\u0131 miktar\u0131n\u0131 ifade eder; 0 (tam so\u011furma) ile 1 (tam yans\u0131ma) aras\u0131nda \u00f6l\u00e7\u00fcl\u00fcr.\",\"breadcrumb\":{\"@id\":\"https:\/\/editorial.buluttan.com\/?page_id=4786#breadcrumb\"},\"inLanguage\":\"en-US\",\"potentialAction\":[{\"@type\":\"ReadAction\",\"target\":[\"https:\/\/editorial.buluttan.com\/?page_id=4786\"]}]},{\"@type\":\"BreadcrumbList\",\"@id\":\"https:\/\/editorial.buluttan.com\/?page_id=4786#breadcrumb\",\"itemListElement\":[{\"@type\":\"ListItem\",\"position\":1,\"name\":\"Home\",\"item\":\"https:\/\/editorial.buluttan.com\/\"},{\"@type\":\"ListItem\",\"position\":2,\"name\":\"Albedo\"}]},{\"@type\":\"WebSite\",\"@id\":\"https:\/\/editorial.buluttan.com\/#website\",\"url\":\"https:\/\/editorial.buluttan.com\/\",\"name\":\"Buluttan Blog\",\"description\":\"\",\"potentialAction\":[{\"@type\":\"SearchAction\",\"target\":{\"@type\":\"EntryPoint\",\"urlTemplate\":\"https:\/\/editorial.buluttan.com\/?s={search_term_string}\"},\"query-input\":\"required name=search_term_string\"}],\"inLanguage\":\"en-US\"},{\"@type\":\"Person\",\"@id\":\"https:\/\/editorial.buluttan.com\/#\/schema\/person\/8e83704a166a1d7bddd17cc21ed20a58\",\"name\":\"Ender Sener\",\"image\":{\"@type\":\"ImageObject\",\"inLanguage\":\"en-US\",\"@id\":\"https:\/\/editorial.buluttan.com\/#\/schema\/person\/image\/\",\"url\":\"https:\/\/secure.gravatar.com\/avatar\/a3e1c400b810d38a118223a565c610df641510777d030b5c37b5d342cfe1cbdd?s=96&d=mm&r=g\",\"contentUrl\":\"https:\/\/secure.gravatar.com\/avatar\/a3e1c400b810d38a118223a565c610df641510777d030b5c37b5d342cfe1cbdd?s=96&d=mm&r=g\",\"caption\":\"Ender Sener\"},\"url\":\"https:\/\/editorial.buluttan.com\/?author=22\"}]}<\/script>\n<!-- \/ Yoast SEO plugin. -->","yoast_head_json":{"title":"Albedo","description":"Albedo, bir y\u00fczeyin yans\u0131tt\u0131\u011f\u0131 g\u00fcne\u015f \u0131\u015f\u0131\u011f\u0131 miktar\u0131n\u0131 ifade eder; 0 (tam so\u011furma) ile 1 (tam yans\u0131ma) aras\u0131nda \u00f6l\u00e7\u00fcl\u00fcr.","robots":{"index":"noindex","follow":"follow","max-snippet":"max-snippet:-1","max-image-preview":"max-image-preview:large","max-video-preview":"max-video-preview:-1"},"og_locale":"en_US","og_type":"article","og_title":"Albedo","og_description":"Albedo, bir y\u00fczeyin yans\u0131tt\u0131\u011f\u0131 g\u00fcne\u015f \u0131\u015f\u0131\u011f\u0131 miktar\u0131n\u0131 ifade eder; 0 (tam so\u011furma) ile 1 (tam yans\u0131ma) aras\u0131nda \u00f6l\u00e7\u00fcl\u00fcr.","og_url":"https:\/\/editorial.buluttan.com\/?page_id=4786","og_site_name":"Buluttan Blog","article_modified_time":"2025-08-21T17:33:10+00:00","og_image":[{"url":"https:\/\/editorial.buluttan.com\/wp-content\/uploads\/2025\/08\/albedo-infographic.jpg"}],"twitter_card":"summary_large_image","twitter_misc":{"Est. reading time":"1 minute"},"schema":{"@context":"https:\/\/schema.org","@graph":[{"@type":"WebPage","@id":"https:\/\/editorial.buluttan.com\/?page_id=4786","url":"https:\/\/editorial.buluttan.com\/?page_id=4786","name":"Albedo","isPartOf":{"@id":"https:\/\/editorial.buluttan.com\/#website"},"datePublished":"2025-08-21T17:32:14+00:00","dateModified":"2025-08-21T17:33:10+00:00","description":"Albedo, bir y\u00fczeyin yans\u0131tt\u0131\u011f\u0131 g\u00fcne\u015f \u0131\u015f\u0131\u011f\u0131 miktar\u0131n\u0131 ifade eder; 0 (tam so\u011furma) ile 1 (tam yans\u0131ma) aras\u0131nda \u00f6l\u00e7\u00fcl\u00fcr.","breadcrumb":{"@id":"https:\/\/editorial.buluttan.com\/?page_id=4786#breadcrumb"},"inLanguage":"en-US","potentialAction":[{"@type":"ReadAction","target":["https:\/\/editorial.buluttan.com\/?page_id=4786"]}]},{"@type":"BreadcrumbList","@id":"https:\/\/editorial.buluttan.com\/?page_id=4786#breadcrumb","itemListElement":[{"@type":"ListItem","position":1,"name":"Home","item":"https:\/\/editorial.buluttan.com\/"},{"@type":"ListItem","position":2,"name":"Albedo"}]},{"@type":"WebSite","@id":"https:\/\/editorial.buluttan.com\/#website","url":"https:\/\/editorial.buluttan.com\/","name":"Buluttan Blog","description":"","potentialAction":[{"@type":"SearchAction","target":{"@type":"EntryPoint","urlTemplate":"https:\/\/editorial.buluttan.com\/?s={search_term_string}"},"query-input":"required name=search_term_string"}],"inLanguage":"en-US"},{"@type":"Person","@id":"https:\/\/editorial.buluttan.com\/#\/schema\/person\/8e83704a166a1d7bddd17cc21ed20a58","name":"Ender Sener","image":{"@type":"ImageObject","inLanguage":"en-US","@id":"https:\/\/editorial.buluttan.com\/#\/schema\/person\/image\/","url":"https:\/\/secure.gravatar.com\/avatar\/a3e1c400b810d38a118223a565c610df641510777d030b5c37b5d342cfe1cbdd?s=96&d=mm&r=g","contentUrl":"https:\/\/secure.gravatar.com\/avatar\/a3e1c400b810d38a118223a565c610df641510777d030b5c37b5d342cfe1cbdd?s=96&d=mm&r=g","caption":"Ender Sener"},"url":"https:\/\/editorial.buluttan.com\/?author=22"}]}},"_links":{"self":[{"href":"https:\/\/editorial.buluttan.com\/index.php?rest_route=\/wp\/v2\/pages\/4786","targetHints":{"allow":["GET"]}}],"collection":[{"href":"https:\/\/editorial.buluttan.com\/index.php?rest_route=\/wp\/v2\/pages"}],"about":[{"href":"https:\/\/editorial.buluttan.com\/index.php?rest_route=\/wp\/v2\/types\/page"}],"author":[{"embeddable":true,"href":"https:\/\/editorial.buluttan.com\/index.php?rest_route=\/wp\/v2\/users\/22"}],"replies":[{"embeddable":true,"href":"https:\/\/editorial.buluttan.com\/index.php?rest_route=%2Fwp%2Fv2%2Fcomments&post=4786"}],"version-history":[{"count":5,"href":"https:\/\/editorial.buluttan.com\/index.php?rest_route=\/wp\/v2\/pages\/4786\/revisions"}],"predecessor-version":[{"id":4795,"href":"https:\/\/editorial.buluttan.com\/index.php?rest_route=\/wp\/v2\/pages\/4786\/revisions\/4795"}],"wp:attachment":[{"href":"https:\/\/editorial.buluttan.com\/index.php?rest_route=%2Fwp%2Fv2%2Fmedia&parent=4786"}],"wp:term":[{"taxonomy":"category","embeddable":true,"href":"https:\/\/editorial.buluttan.com\/index.php?rest_route=%2Fwp%2Fv2%2Fcategories&post=4786"},{"taxonomy":"post_tag","embeddable":true,"href":"https:\/\/editorial.buluttan.com\/index.php?rest_route=%2Fwp%2Fv2%2Ftags&post=4786"}],"curies":[{"name":"wp","href":"https:\/\/api.w.org\/{rel}","templated":true}]}}