{"id":4813,"date":"2025-08-27T03:30:12","date_gmt":"2025-08-27T03:30:12","guid":{"rendered":"https:\/\/editorial.buluttan.com\/?page_id=4813"},"modified":"2025-08-27T10:02:52","modified_gmt":"2025-08-27T10:02:52","slug":"gok-gurultulu-firtina-nedir-ve-nasil-olusur","status":"publish","type":"page","link":"https:\/\/editorial.buluttan.com\/?page_id=4813","title":{"rendered":"G\u00f6k G\u00fcr\u00fclt\u00fcl\u00fc F\u0131rt\u0131na: Nedir ve Nas\u0131l Olu\u015fur"},"content":{"rendered":"\n<h2 class=\"wp-block-heading\">G\u00f6k G\u00fcr\u00fclt\u00fcl\u00fc F\u0131rt\u0131na Nedir? <\/h2>\n\n\n\n<p>G\u00f6k g\u00fcr\u00fclt\u00fcl\u00fc f\u0131rt\u0131na, i\u00e7erisinde y\u0131ld\u0131r\u0131m ve \u015fim\u015fek aktivitesini bar\u0131nd\u0131ran \u00f6zel bir <a href=\"https:\/\/www.buluttan.com\/tr\/hava-durumu\">hava olay\u0131d\u0131r<\/a>. Halk aras\u0131nda boran olarak da bilinen bu hadise, <a href=\"https:\/\/www.buluttan.com\/tr\/terimler\/dolu\">dolu<\/a>, y\u0131ld\u0131r\u0131m, hamleli r\u00fczgar, sel ve ta\u015fk\u0131n gibi riskleri de beraberinde getirir. Bu f\u0131rt\u0131nalar \u00fc\u00e7 temel evreden olu\u015fur: geli\u015fme evresi (k\u00fcm\u00fcl\u00fcs evresi olarak da bilinir), olgunluk evresi (olgun k\u00fcm\u00fcl\u00fcs evresi olarak da bilinir) ve da\u011f\u0131lma evresi.<\/p>\n\n\n\n<figure class=\"wp-block-image size-large\"><img decoding=\"async\" width=\"1024\" height=\"683\" src=\"https:\/\/buluttan-cdn.s3.eu-central-1.amazonaws.com\/images\/weather-blog\/2025\/08\/ChatGPT-Image-Aug-26-2025-01_03_56-PM-1024x683.png\" alt=\"Infographic depicting the stages of a thunderstorm.\" class=\"wp-image-4802\" srcset=\"https:\/\/buluttan-cdn.s3.eu-central-1.amazonaws.com\/images\/weather-blog\/2025\/08\/ChatGPT-Image-Aug-26-2025-01_03_56-PM-1024x683.png 1024w, https:\/\/buluttan-cdn.s3.eu-central-1.amazonaws.com\/images\/weather-blog\/2025\/08\/ChatGPT-Image-Aug-26-2025-01_03_56-PM-300x200.png 300w, https:\/\/buluttan-cdn.s3.eu-central-1.amazonaws.com\/images\/weather-blog\/2025\/08\/ChatGPT-Image-Aug-26-2025-01_03_56-PM-768x512.png 768w, https:\/\/buluttan-cdn.s3.eu-central-1.amazonaws.com\/images\/weather-blog\/2025\/08\/ChatGPT-Image-Aug-26-2025-01_03_56-PM.png 1536w\" sizes=\"(max-width: 1024px) 100vw, 1024px\" \/><\/figure>\n\n\n\n<h2 class=\"wp-block-heading\">G\u00f6k G\u00fcr\u00fclt\u00fcl\u00fc F\u0131rt\u0131na Nas\u0131l Olu\u015fur?<\/h2>\n\n\n\n<h3 class=\"wp-block-heading\">Geli\u015fme Evresi (K\u00fcm\u00fcl\u00fcs Evresi)<\/h3>\n\n\n\n<p>D\u00fcnyan\u0131n y\u00fczeyi \u0131s\u0131nd\u0131k\u00e7a konveksiyon s\u00fcreci ba\u015flar. Konveksiyon, s\u0131cak havan\u0131n beraberinde nemi atmosferin yukar\u0131 seviyelerine ta\u015f\u0131d\u0131\u011f\u0131 bir hava hareketidir. Bu evrede olu\u015fan g\u00fc\u00e7l\u00fc ve yukar\u0131 y\u00f6nl\u00fc hava ak\u0131m\u0131 s\u0131cak ve nemli havay\u0131 h\u0131zla atmosferin \u00fcst seviyelerine ta\u015f\u0131r.<\/p>\n\n\n\n<p>Bu so\u011fuma sonucunda nem yo\u011fu\u015farak&nbsp; bulutlar\u0131 olu\u015fturur. A\u00e7\u0131\u011fa \u00e7\u0131kan gizli \u0131s\u0131 f\u0131rt\u0131nay\u0131 besledik\u00e7e bulut giderek b\u00fcy\u00fcr ve atmosferin yukar\u0131 seviyelerine kadar y\u00fckselir. Bu y\u00fcksekliklerdeki s\u0131cakl\u0131klar donma noktas\u0131n\u0131n olduk\u00e7a alt\u0131ndad\u0131r. F\u0131rt\u0131na hen\u00fcz geli\u015fmekte oldu\u011fundan ya\u011f\u0131\u015f veya a\u015fa\u011f\u0131 y\u00f6nl\u00fc ak\u0131m g\u00f6zlenmez.<\/p>\n\n\n\n<h3 class=\"wp-block-heading\">Olgunluk Evresi (Olgun K\u00fcm\u00fcl\u00fcs Evresi)<\/h3>\n\n\n\n<p>F\u0131rt\u0131nan\u0131n en \u015fiddetli a\u015famas\u0131d\u0131r. Y\u0131ld\u0131r\u0131m, <a href=\"https:\/\/www.buluttan.com\/tr\/blog\/siddetli-hava\/turbulans-ve-seyahat-riskleri\">t\u00fcrb\u00fclans <\/a>ve kuvvetli r\u00fczgar g\u00f6r\u00fcl\u00fcr. B\u00fcy\u00fck damlac\u0131klardan olu\u015fan \u015fiddetli ya\u011f\u0131\u015f g\u00f6zlenir. Ya\u011f\u0131\u015f, so\u011fuk havay\u0131 a\u015fa\u011f\u0131ya ta\u015f\u0131r ve yere ula\u015ft\u0131\u011f\u0131nda \u00e7evreye yay\u0131l\u0131r; bu duruma &#8220;a\u015fa\u011f\u0131 hava patlamas\u0131&#8221; (\u0130ngilizce downburst) ad\u0131 verilir.<\/p>\n\n\n\n<p>Bulut i\u00e7erisindeki buz kristallerinin ve s\u00fcper so\u011fumu\u015f s\u0131v\u0131 su damlac\u0131klar\u0131n\u0131n yan\u0131 s\u0131ra graupel olarak da bilinen, su damlac\u0131klar\u0131n\u0131n bulut i\u00e7inde eriyip donmas\u0131 ile olu\u015fan taneciklerin varl\u0131\u011f\u0131, bulut i\u00e7inde elektrifikasyon s\u00fcrecine zemin haz\u0131rlar. Bulutun i\u00e7erisinde hafif olan buz kristalleri pozitif y\u00fckl\u00fc iken, daha a\u011f\u0131r olan graupel tanecikleri negatif y\u00fckl\u00fc olarak bulunur. Bu sayede y\u0131ld\u0131r\u0131m ve \u015fim\u015fek olaylar\u0131 da f\u0131rt\u0131naya e\u015flik eder.<\/p>\n\n\n\n<p>Bulut i\u00e7indeki g\u00fc\u00e7l\u00fc yukar\u0131 ve a\u015fa\u011f\u0131 y\u00f6nl\u00fc hava ak\u0131mlar\u0131 (\u00f6zellikle olgun evrede) su damlac\u0131klar\u0131n\u0131 s\u00fcrekli yukar\u0131 a\u015fa\u011f\u0131 ta\u015f\u0131r. Y\u00fckselen damlac\u0131klar s\u00fcper so\u011fumu\u015f b\u00f6lgelerde donar, a\u015fa\u011f\u0131ya inerken k\u0131smen eriyebilir, tekrar yukar\u0131 ta\u015f\u0131nd\u0131\u011f\u0131nda yeniden donarak \u00fczerine katman ekler. Bu s\u00fcre\u00e7 defalarca tekrarland\u0131\u011f\u0131nda, graupel gibi daha k\u00fc\u00e7\u00fck buz par\u00e7ac\u0131klar\u0131 katman katman b\u00fcy\u00fcyerek doluya d\u00f6n\u00fc\u015f\u00fcr. Tanecik yeterince a\u011f\u0131rla\u015ft\u0131\u011f\u0131nda yukar\u0131 y\u00f6nl\u00fc ak\u0131mlar onu tutamaz ve yery\u00fcz\u00fcne dolu olarak d\u00fc\u015fer.<\/p>\n\n\n\n<h3 class=\"wp-block-heading\">Da\u011f\u0131lma Evresi<\/h3>\n\n\n\n<p>A\u015fa\u011f\u0131 y\u00f6nl\u00fc hava ak\u0131m\u0131 bask\u0131n hale geldik\u00e7e, f\u0131rt\u0131nay\u0131 besleyen yukar\u0131 y\u00f6nl\u00fc s\u0131cak ve nemli hava ak\u0131\u015f\u0131 kesilir. Bulut enerji kayna\u011f\u0131n\u0131 kaybetmeye ba\u015flar, ya\u011f\u0131\u015f azal\u0131r ve r\u00fczg\u00e2rlar zay\u0131flar. Sonunda f\u0131rt\u0131na par\u00e7alanarak da\u011f\u0131l\u0131r ve geride yaln\u0131zca da\u011f\u0131n\u0131k bulutlar ile nem b\u0131rak\u0131r. Bu evrede de y\u0131ld\u0131r\u0131m riski devam eder.<\/p>\n\n\n\n<figure class=\"wp-block-image size-full\"><img decoding=\"async\" width=\"1000\" height=\"480\" src=\"https:\/\/buluttan-cdn.s3.eu-central-1.amazonaws.com\/images\/weather-blog\/2024\/07\/thunderstorm_lightning.webp\" alt=\"thunderstorm_lightning\" class=\"wp-image-3811\" srcset=\"https:\/\/buluttan-cdn.s3.eu-central-1.amazonaws.com\/images\/weather-blog\/2024\/07\/thunderstorm_lightning.webp 1000w, https:\/\/buluttan-cdn.s3.eu-central-1.amazonaws.com\/images\/weather-blog\/2024\/07\/thunderstorm_lightning-300x144.webp 300w, https:\/\/buluttan-cdn.s3.eu-central-1.amazonaws.com\/images\/weather-blog\/2024\/07\/thunderstorm_lightning-768x369.webp 768w\" sizes=\"(max-width: 1000px) 100vw, 1000px\" \/><\/figure>\n","protected":false},"excerpt":{"rendered":"<p>G\u00f6k G\u00fcr\u00fclt\u00fcl\u00fc F\u0131rt\u0131na Nedir? G\u00f6k g\u00fcr\u00fclt\u00fcl\u00fc f\u0131rt\u0131na, i\u00e7erisinde y\u0131ld\u0131r\u0131m ve \u015fim\u015fek aktivitesini bar\u0131nd\u0131ran \u00f6zel bir hava olay\u0131d\u0131r. Halk aras\u0131nda boran olarak da bilinen bu hadise, dolu, y\u0131ld\u0131r\u0131m, hamleli r\u00fczgar, sel ve ta\u015fk\u0131n gibi riskleri de beraberinde getirir. Bu f\u0131rt\u0131nalar \u00fc\u00e7 temel evreden olu\u015fur: geli\u015fme evresi (k\u00fcm\u00fcl\u00fcs evresi olarak da bilinir), olgunluk evresi (olgun k\u00fcm\u00fcl\u00fcs evresi&hellip; <a class=\"more-link\" href=\"https:\/\/editorial.buluttan.com\/?page_id=4813\">Continue reading <span class=\"screen-reader-text\">G\u00f6k G\u00fcr\u00fclt\u00fcl\u00fc F\u0131rt\u0131na: Nedir ve Nas\u0131l Olu\u015fur<\/span><\/a><\/p>\n","protected":false},"author":22,"featured_media":0,"parent":0,"menu_order":0,"comment_status":"closed","ping_status":"closed","template":"","meta":{"footnotes":""},"categories":[235],"tags":[7],"class_list":["post-4813","page","type-page","status-publish","hentry","category-glossary","tag-tr","entry"],"acf":[],"yoast_head":"<!-- This site is optimized with the Yoast SEO plugin v21.2 - https:\/\/yoast.com\/wordpress\/plugins\/seo\/ -->\n<title>G\u00f6k G\u00fcr\u00fclt\u00fcl\u00fc F\u0131rt\u0131na: Nedir ve Nas\u0131l Olu\u015fur - Buluttan Blog<\/title>\n<meta name=\"description\" content=\"G\u00f6k g\u00fcr\u00fclt\u00fcl\u00fc f\u0131rt\u0131na, i\u00e7erisinde y\u0131ld\u0131r\u0131m ve \u015fim\u015fek aktivitesini bar\u0131nd\u0131ran \u00f6zel bir hava olay\u0131d\u0131r.\" \/>\n<meta name=\"robots\" content=\"noindex, follow, max-snippet:-1, max-image-preview:large, max-video-preview:-1\" \/>\n<meta property=\"og:locale\" content=\"en_US\" \/>\n<meta property=\"og:type\" content=\"article\" \/>\n<meta property=\"og:title\" content=\"G\u00f6k G\u00fcr\u00fclt\u00fcl\u00fc F\u0131rt\u0131na: Nedir ve Nas\u0131l Olu\u015fur - Buluttan Blog\" \/>\n<meta property=\"og:description\" content=\"G\u00f6k g\u00fcr\u00fclt\u00fcl\u00fc f\u0131rt\u0131na, i\u00e7erisinde y\u0131ld\u0131r\u0131m ve \u015fim\u015fek aktivitesini bar\u0131nd\u0131ran \u00f6zel bir hava olay\u0131d\u0131r.\" \/>\n<meta property=\"og:url\" content=\"https:\/\/editorial.buluttan.com\/?page_id=4813\" \/>\n<meta property=\"og:site_name\" content=\"Buluttan Blog\" \/>\n<meta property=\"article:modified_time\" content=\"2025-08-27T10:02:52+00:00\" \/>\n<meta property=\"og:image\" content=\"https:\/\/editorial.buluttan.com\/wp-content\/uploads\/2025\/08\/ChatGPT-Image-Aug-26-2025-01_03_56-PM-1024x683.png\" \/>\n<meta name=\"twitter:card\" content=\"summary_large_image\" \/>\n<meta name=\"twitter:label1\" content=\"Est. reading time\" \/>\n\t<meta name=\"twitter:data1\" content=\"2 minutes\" \/>\n<script type=\"application\/ld+json\" class=\"yoast-schema-graph\">{\"@context\":\"https:\/\/schema.org\",\"@graph\":[{\"@type\":\"WebPage\",\"@id\":\"https:\/\/editorial.buluttan.com\/?page_id=4813\",\"url\":\"https:\/\/editorial.buluttan.com\/?page_id=4813\",\"name\":\"G\u00f6k G\u00fcr\u00fclt\u00fcl\u00fc F\u0131rt\u0131na: Nedir ve Nas\u0131l Olu\u015fur - Buluttan Blog\",\"isPartOf\":{\"@id\":\"https:\/\/editorial.buluttan.com\/#website\"},\"datePublished\":\"2025-08-27T03:30:12+00:00\",\"dateModified\":\"2025-08-27T10:02:52+00:00\",\"description\":\"G\u00f6k g\u00fcr\u00fclt\u00fcl\u00fc f\u0131rt\u0131na, i\u00e7erisinde y\u0131ld\u0131r\u0131m ve \u015fim\u015fek aktivitesini bar\u0131nd\u0131ran \u00f6zel bir hava olay\u0131d\u0131r.\",\"breadcrumb\":{\"@id\":\"https:\/\/editorial.buluttan.com\/?page_id=4813#breadcrumb\"},\"inLanguage\":\"en-US\",\"potentialAction\":[{\"@type\":\"ReadAction\",\"target\":[\"https:\/\/editorial.buluttan.com\/?page_id=4813\"]}]},{\"@type\":\"BreadcrumbList\",\"@id\":\"https:\/\/editorial.buluttan.com\/?page_id=4813#breadcrumb\",\"itemListElement\":[{\"@type\":\"ListItem\",\"position\":1,\"name\":\"Home\",\"item\":\"https:\/\/editorial.buluttan.com\/\"},{\"@type\":\"ListItem\",\"position\":2,\"name\":\"G\u00f6k G\u00fcr\u00fclt\u00fcl\u00fc F\u0131rt\u0131na: Nedir ve Nas\u0131l Olu\u015fur\"}]},{\"@type\":\"WebSite\",\"@id\":\"https:\/\/editorial.buluttan.com\/#website\",\"url\":\"https:\/\/editorial.buluttan.com\/\",\"name\":\"Buluttan Blog\",\"description\":\"\",\"potentialAction\":[{\"@type\":\"SearchAction\",\"target\":{\"@type\":\"EntryPoint\",\"urlTemplate\":\"https:\/\/editorial.buluttan.com\/?s={search_term_string}\"},\"query-input\":\"required name=search_term_string\"}],\"inLanguage\":\"en-US\"},{\"@type\":\"Person\",\"@id\":\"https:\/\/editorial.buluttan.com\/#\/schema\/person\/8e83704a166a1d7bddd17cc21ed20a58\",\"name\":\"Ender Sener\",\"image\":{\"@type\":\"ImageObject\",\"inLanguage\":\"en-US\",\"@id\":\"https:\/\/editorial.buluttan.com\/#\/schema\/person\/image\/\",\"url\":\"https:\/\/secure.gravatar.com\/avatar\/a3e1c400b810d38a118223a565c610df641510777d030b5c37b5d342cfe1cbdd?s=96&d=mm&r=g\",\"contentUrl\":\"https:\/\/secure.gravatar.com\/avatar\/a3e1c400b810d38a118223a565c610df641510777d030b5c37b5d342cfe1cbdd?s=96&d=mm&r=g\",\"caption\":\"Ender Sener\"},\"url\":\"https:\/\/editorial.buluttan.com\/?author=22\"}]}<\/script>\n<!-- \/ Yoast SEO plugin. -->","yoast_head_json":{"title":"G\u00f6k G\u00fcr\u00fclt\u00fcl\u00fc F\u0131rt\u0131na: Nedir ve Nas\u0131l Olu\u015fur - Buluttan Blog","description":"G\u00f6k g\u00fcr\u00fclt\u00fcl\u00fc f\u0131rt\u0131na, i\u00e7erisinde y\u0131ld\u0131r\u0131m ve \u015fim\u015fek aktivitesini bar\u0131nd\u0131ran \u00f6zel bir hava olay\u0131d\u0131r.","robots":{"index":"noindex","follow":"follow","max-snippet":"max-snippet:-1","max-image-preview":"max-image-preview:large","max-video-preview":"max-video-preview:-1"},"og_locale":"en_US","og_type":"article","og_title":"G\u00f6k G\u00fcr\u00fclt\u00fcl\u00fc F\u0131rt\u0131na: Nedir ve Nas\u0131l Olu\u015fur - Buluttan Blog","og_description":"G\u00f6k g\u00fcr\u00fclt\u00fcl\u00fc f\u0131rt\u0131na, i\u00e7erisinde y\u0131ld\u0131r\u0131m ve \u015fim\u015fek aktivitesini bar\u0131nd\u0131ran \u00f6zel bir hava olay\u0131d\u0131r.","og_url":"https:\/\/editorial.buluttan.com\/?page_id=4813","og_site_name":"Buluttan Blog","article_modified_time":"2025-08-27T10:02:52+00:00","og_image":[{"url":"https:\/\/editorial.buluttan.com\/wp-content\/uploads\/2025\/08\/ChatGPT-Image-Aug-26-2025-01_03_56-PM-1024x683.png"}],"twitter_card":"summary_large_image","twitter_misc":{"Est. reading time":"2 minutes"},"schema":{"@context":"https:\/\/schema.org","@graph":[{"@type":"WebPage","@id":"https:\/\/editorial.buluttan.com\/?page_id=4813","url":"https:\/\/editorial.buluttan.com\/?page_id=4813","name":"G\u00f6k G\u00fcr\u00fclt\u00fcl\u00fc F\u0131rt\u0131na: Nedir ve Nas\u0131l Olu\u015fur - Buluttan Blog","isPartOf":{"@id":"https:\/\/editorial.buluttan.com\/#website"},"datePublished":"2025-08-27T03:30:12+00:00","dateModified":"2025-08-27T10:02:52+00:00","description":"G\u00f6k g\u00fcr\u00fclt\u00fcl\u00fc f\u0131rt\u0131na, i\u00e7erisinde y\u0131ld\u0131r\u0131m ve \u015fim\u015fek aktivitesini bar\u0131nd\u0131ran \u00f6zel bir hava olay\u0131d\u0131r.","breadcrumb":{"@id":"https:\/\/editorial.buluttan.com\/?page_id=4813#breadcrumb"},"inLanguage":"en-US","potentialAction":[{"@type":"ReadAction","target":["https:\/\/editorial.buluttan.com\/?page_id=4813"]}]},{"@type":"BreadcrumbList","@id":"https:\/\/editorial.buluttan.com\/?page_id=4813#breadcrumb","itemListElement":[{"@type":"ListItem","position":1,"name":"Home","item":"https:\/\/editorial.buluttan.com\/"},{"@type":"ListItem","position":2,"name":"G\u00f6k G\u00fcr\u00fclt\u00fcl\u00fc F\u0131rt\u0131na: Nedir ve Nas\u0131l Olu\u015fur"}]},{"@type":"WebSite","@id":"https:\/\/editorial.buluttan.com\/#website","url":"https:\/\/editorial.buluttan.com\/","name":"Buluttan Blog","description":"","potentialAction":[{"@type":"SearchAction","target":{"@type":"EntryPoint","urlTemplate":"https:\/\/editorial.buluttan.com\/?s={search_term_string}"},"query-input":"required name=search_term_string"}],"inLanguage":"en-US"},{"@type":"Person","@id":"https:\/\/editorial.buluttan.com\/#\/schema\/person\/8e83704a166a1d7bddd17cc21ed20a58","name":"Ender Sener","image":{"@type":"ImageObject","inLanguage":"en-US","@id":"https:\/\/editorial.buluttan.com\/#\/schema\/person\/image\/","url":"https:\/\/secure.gravatar.com\/avatar\/a3e1c400b810d38a118223a565c610df641510777d030b5c37b5d342cfe1cbdd?s=96&d=mm&r=g","contentUrl":"https:\/\/secure.gravatar.com\/avatar\/a3e1c400b810d38a118223a565c610df641510777d030b5c37b5d342cfe1cbdd?s=96&d=mm&r=g","caption":"Ender Sener"},"url":"https:\/\/editorial.buluttan.com\/?author=22"}]}},"_links":{"self":[{"href":"https:\/\/editorial.buluttan.com\/index.php?rest_route=\/wp\/v2\/pages\/4813","targetHints":{"allow":["GET"]}}],"collection":[{"href":"https:\/\/editorial.buluttan.com\/index.php?rest_route=\/wp\/v2\/pages"}],"about":[{"href":"https:\/\/editorial.buluttan.com\/index.php?rest_route=\/wp\/v2\/types\/page"}],"author":[{"embeddable":true,"href":"https:\/\/editorial.buluttan.com\/index.php?rest_route=\/wp\/v2\/users\/22"}],"replies":[{"embeddable":true,"href":"https:\/\/editorial.buluttan.com\/index.php?rest_route=%2Fwp%2Fv2%2Fcomments&post=4813"}],"version-history":[{"count":13,"href":"https:\/\/editorial.buluttan.com\/index.php?rest_route=\/wp\/v2\/pages\/4813\/revisions"}],"predecessor-version":[{"id":4837,"href":"https:\/\/editorial.buluttan.com\/index.php?rest_route=\/wp\/v2\/pages\/4813\/revisions\/4837"}],"wp:attachment":[{"href":"https:\/\/editorial.buluttan.com\/index.php?rest_route=%2Fwp%2Fv2%2Fmedia&parent=4813"}],"wp:term":[{"taxonomy":"category","embeddable":true,"href":"https:\/\/editorial.buluttan.com\/index.php?rest_route=%2Fwp%2Fv2%2Fcategories&post=4813"},{"taxonomy":"post_tag","embeddable":true,"href":"https:\/\/editorial.buluttan.com\/index.php?rest_route=%2Fwp%2Fv2%2Ftags&post=4813"}],"curies":[{"name":"wp","href":"https:\/\/api.w.org\/{rel}","templated":true}]}}