{"id":50,"date":"2025-02-14T00:57:00","date_gmt":"2025-02-14T00:57:00","guid":{"rendered":"https:\/\/editorial.buluttan.com\/?page_id=50"},"modified":"2025-03-10T23:03:37","modified_gmt":"2025-03-10T23:03:37","slug":"enerji","status":"publish","type":"page","link":"https:\/\/editorial.buluttan.com\/?page_id=50","title":{"rendered":"Enerji"},"content":{"rendered":"\n<h2 class=\"wp-block-heading\"><strong>Buluttan Hava Zek\u00e2s\u0131 ile Enerji Da\u011f\u0131t\u0131m Sekt\u00f6r\u00fcnde De\u011fi\u015fimi Hissedin<\/strong><\/h2>\n\n\n\n<p><a href=\"https:\/\/www.buluttan.com\/tr\">Buluttan<\/a> ile enerji sekt\u00f6r\u00fcnde hava zek\u00e2s\u0131 uygulamas\u0131n\u0131n zirvesine ula\u015f\u0131n. Hassasiyetin ve verimlili\u011fin \u00f6n planda oldu\u011fu bir sekt\u00f6rde, hava modellerini anlamak sadece bir l\u00fcks de\u011fil; bir zorunluluktur. Enerji sekt\u00f6r\u00fcndeki de\u011fi\u015fimi Buluttan ile yakalay\u0131n.<\/p>\n\n\n\n<h3 class=\"wp-block-heading\"><strong>Enerji Sekt\u00f6r\u00fc \u0130\u00e7in Hava Bilgileri Neden \u00d6nemli<\/strong><\/h3>\n\n\n\n<p>Hava ko\u015fullar\u0131na son derece duyarl\u0131 olan enerji sekt\u00f6r\u00fcnde a\u00e7\u0131k deniz operasyonlar\u0131ndan enerji piyasas\u0131ndaki talebe kadar hava modellerini anlamak ve \u00f6ng\u00f6rmek enerji sekt\u00f6r\u00fcnde kritik bir \u00f6neme sahiptir. En y\u00fcksek talep miktar\u0131 1 GW olan bir elektrik da\u011f\u0131t\u0131m hizmeti sa\u011flay\u0131c\u0131s\u0131nda ortalama mutlak hata i\u00e7in %1&#8217;lik bir iyile\u015ftirme, k\u0131sa vadeli tahminlerde 300.000 dolar ve uzun vadeli tahminlerde 500.000 dolar tasarruf sa\u011flar. Hava olaylar\u0131na ba\u011fl\u0131 g\u00fc\u00e7 kesintilerinin  Amerika Birle\u015fik Devlet&#8217;indeki elektrik da\u011f\u0131t\u0131m \u015firketlerine y\u0131lda ortalama 5 milyar dolarl\u0131k zarara sebep oldu\u011fu biliniyor. Buluttan, Enerji Sekt\u00f6r\u00fcne \u00f6zel geli\u015ftirilen hava zekas\u0131 \u00fcr\u00fcn ve hizmetleri ile operasyonel verimlili\u011fi artt\u0131r\u0131r, insan ve varl\u0131k g\u00fcvenli\u011fine katk\u0131 sa\u011flar.<\/p>\n\n\n\n<h2 class=\"wp-block-heading\"><strong>Kullan\u0131m Alanlar\u0131<\/strong><\/h2>\n\n\n\n<div class=\"wp-block-columns is-layout-flex wp-container-core-columns-is-layout-9d6595d7 wp-block-columns-is-layout-flex\">\n<div class=\"wp-block-column no-border\">\n<img decoding=\"async\" src=\"https:\/\/cdn.buluttan.com\/images\/weather-blog\/2025\/03\/utility-pole-energy.webp\" alt=\"Utility Pole\" \/>\n<\/div>\n\n<div class=\"wp-block-column no-border\">\n<img decoding=\"async\" src=\"https:\/\/cdn.buluttan.com\/images\/weather-blog\/2025\/03\/risk-mitigation-blocks.webp\" alt=\"Risk Mitigation Blocks\" \/>\n<\/div>\n\n<div class=\"wp-block-column no-border\">\n<img decoding=\"async\" src=\"https:\/\/cdn.buluttan.com\/images\/weather-blog\/2025\/03\/wind-turbine-energy.webp\" alt=\"Wind Turbine\" \/>\n<\/div>\n<\/div>\n\n\n\n<div class=\"wp-block-columns is-layout-flex wp-container-core-columns-is-layout-9d6595d7 wp-block-columns-is-layout-flex\">\n<div class=\"wp-block-column is-layout-flow wp-block-column-is-layout-flow\">\n<h3>Elektrik Talebini \u00d6ng\u00f6r\u00fcn<\/h3>\n<div style=\"width: 40px; height: 2px; background-color: white;margin: 0 0 8px;\"><\/div>\n<p>Buluttan Weather Wise Demand Planner ile havan\u0131n elektrik t\u00fcketimindeki de\u011fi\u015fimine etkisini \u00f6nden fark edin. Ger\u00e7ek zamanl\u0131 \u00f6ng\u00f6r\u00fclerimiz, i\u015fletmelere enerji planlamas\u0131nda etkili bir \u015fekilde yol almalar\u0131n\u0131 sa\u011flar ve a\u015f\u0131r\u0131 hava ko\u015fullar\u0131nda talep art\u0131\u015flar\u0131n\u0131 \u00f6ng\u00f6rme ve t\u00fcketimi optimize etme olana\u011f\u0131 sa\u011flar.<\/p>\n<\/div>\n\n\n\n<div class=\"wp-block-column is-layout-flow wp-block-column-is-layout-flow\">\n<h3>Riski Minimuma \u0130ndirin<\/h3>\n<div style=\"width: 40px; height: 2px; background-color: white;margin: 0 0 8px;\"><\/div>\n<p>Ya\u015fanan a\u015f\u0131r\u0131 hava olaylar\u0131 enerji \u00fcretimini aksatabilir veya g\u00fcvenlik riskleri olu\u015fturabilir. Buluttan, erken uyar\u0131lar sa\u011flayarak bu risklerden az etkilenmenize olanak tan\u0131r, enerji \u015firketlerinin \u00f6nleyici tedbirleri uygulamas\u0131na ve i\u015f s\u00fcreklili\u011fini sa\u011flanmas\u0131na destek olur. Ayr\u0131ca Buluttan SkyWatch, varl\u0131klar\u0131n\u0131z\u0131n alt\u0131nda oldu\u011fu risk miktar\u0131n\u0131 b\u00f6lgesel olarak \u00f6ng\u00f6rmenize olanak tan\u0131r.<\/p>\n<\/div>\n\n\n\n<div class=\"wp-block-column is-layout-flow wp-block-column-is-layout-flow\">\n<h3>Operasyonlar\u0131n\u0131z\u0131 Optimize Edin<\/h3>\n<div style=\"width: 40px; height: 2px; background-color: white;margin: 0 0 8px;\"><\/div>\n<p>Verimli enerji \u00fcretimi i\u00e7in planl\u0131 olmak olduk\u00e7a \u00f6nemlidir. Enerji \u015firketlerinin i\u015flemlerini gelecek hava ko\u015fullar\u0131na g\u00f6re optimize etmek Buluttan ile \u00e7ok kolay. Bak\u0131m programlar\u0131n\u0131 ayarlamaktan enerji teslimatlar\u0131n\u0131 planlamaya kadar uygulaman\u0131z gereken operasyonel s\u00fcre\u00e7lerin verimlili\u011fin art\u0131r\u0131lmas\u0131na olanak tan\u0131r.<\/p>\n<\/div>\n<\/div>\n\n\n\n<h3 class=\"wp-block-heading\"><strong>Buluttan ile Enerji Piyasas\u0131ndaki Pazar Yerinizi G\u00fc\u00e7lendirin<\/strong><\/h3>\n\n\n\n<p>Enerji sekt\u00f6r\u00fc i\u00e7in stratejik bir ortak i\u00e7in Buluttan burada. Her karar\u0131n \u00f6nemli oldu\u011fu bir sekt\u00f6rde do\u011fru hava zek\u00e2s\u0131na sahip olmak fark yarat\u0131n ve enerji y\u00f6netiminin gelece\u011finde hava ko\u015fullar\u0131n\u0131n \u00f6n\u00fcnde olun.<\/p>\n","protected":false},"excerpt":{"rendered":"<p>Buluttan Hava Zek\u00e2s\u0131 ile Enerji Da\u011f\u0131t\u0131m Sekt\u00f6r\u00fcnde De\u011fi\u015fimi Hissedin Buluttan ile enerji sekt\u00f6r\u00fcnde hava zek\u00e2s\u0131 uygulamas\u0131n\u0131n zirvesine ula\u015f\u0131n. Hassasiyetin ve verimlili\u011fin \u00f6n planda oldu\u011fu bir sekt\u00f6rde, hava modellerini anlamak sadece bir l\u00fcks de\u011fil; bir zorunluluktur. Enerji sekt\u00f6r\u00fcndeki de\u011fi\u015fimi Buluttan ile yakalay\u0131n. Enerji Sekt\u00f6r\u00fc \u0130\u00e7in Hava Bilgileri Neden \u00d6nemli Hava ko\u015fullar\u0131na son derece duyarl\u0131 olan enerji&hellip; <a class=\"more-link\" href=\"https:\/\/editorial.buluttan.com\/?page_id=50\">Continue reading <span class=\"screen-reader-text\">Enerji<\/span><\/a><\/p>\n","protected":false},"author":1,"featured_media":2085,"parent":0,"menu_order":0,"comment_status":"closed","ping_status":"closed","template":"","meta":{"footnotes":""},"categories":[29],"tags":[7],"class_list":["post-50","page","type-page","status-publish","has-post-thumbnail","hentry","category-endustriler","tag-tr","entry"],"acf":[],"yoast_head":"<!-- This site is optimized with the Yoast SEO plugin v21.2 - https:\/\/yoast.com\/wordpress\/plugins\/seo\/ -->\n<title>Enerji - Buluttan Blog<\/title>\n<meta name=\"description\" content=\"Enerji sekt\u00f6r\u00fcnde gelece\u011fe ho\u015f geldiniz, Buluttan ile enerji sekt\u00f6r\u00fcnde hava zek\u00e2s\u0131 uygulamas\u0131n\u0131n zirvesine ula\u015f\u0131n.\" \/>\n<meta name=\"robots\" content=\"noindex, follow, max-snippet:-1, max-image-preview:large, max-video-preview:-1\" \/>\n<meta property=\"og:locale\" content=\"en_US\" \/>\n<meta property=\"og:type\" content=\"article\" \/>\n<meta property=\"og:title\" content=\"Enerji - Buluttan Blog\" \/>\n<meta property=\"og:description\" content=\"Enerji sekt\u00f6r\u00fcnde gelece\u011fe ho\u015f geldiniz, Buluttan ile enerji sekt\u00f6r\u00fcnde hava zek\u00e2s\u0131 uygulamas\u0131n\u0131n zirvesine ula\u015f\u0131n.\" \/>\n<meta property=\"og:url\" content=\"https:\/\/editorial.buluttan.com\/?page_id=50\" \/>\n<meta property=\"og:site_name\" content=\"Buluttan Blog\" \/>\n<meta property=\"article:modified_time\" content=\"2025-03-10T23:03:37+00:00\" \/>\n<meta property=\"og:image\" content=\"https:\/\/buluttan-cdn.s3.eu-central-1.amazonaws.com\/images\/weather-blog\/2024\/01\/energy-and-grid-operations.webp\" \/>\n\t<meta property=\"og:image:width\" content=\"1000\" \/>\n\t<meta property=\"og:image:height\" content=\"480\" \/>\n\t<meta property=\"og:image:type\" content=\"image\/webp\" \/>\n<meta name=\"twitter:card\" content=\"summary_large_image\" \/>\n<meta name=\"twitter:label1\" content=\"Est. reading time\" \/>\n\t<meta name=\"twitter:data1\" content=\"2 minutes\" \/>\n<script type=\"application\/ld+json\" class=\"yoast-schema-graph\">{\"@context\":\"https:\/\/schema.org\",\"@graph\":[{\"@type\":\"WebPage\",\"@id\":\"https:\/\/editorial.buluttan.com\/?page_id=50\",\"url\":\"https:\/\/editorial.buluttan.com\/?page_id=50\",\"name\":\"Enerji - Buluttan Blog\",\"isPartOf\":{\"@id\":\"https:\/\/editorial.buluttan.com\/#website\"},\"datePublished\":\"2025-02-14T00:57:00+00:00\",\"dateModified\":\"2025-03-10T23:03:37+00:00\",\"description\":\"Enerji sekt\u00f6r\u00fcnde gelece\u011fe ho\u015f geldiniz, Buluttan ile enerji sekt\u00f6r\u00fcnde hava zek\u00e2s\u0131 uygulamas\u0131n\u0131n zirvesine ula\u015f\u0131n.\",\"breadcrumb\":{\"@id\":\"https:\/\/editorial.buluttan.com\/?page_id=50#breadcrumb\"},\"inLanguage\":\"en-US\",\"potentialAction\":[{\"@type\":\"ReadAction\",\"target\":[\"https:\/\/editorial.buluttan.com\/?page_id=50\"]}]},{\"@type\":\"BreadcrumbList\",\"@id\":\"https:\/\/editorial.buluttan.com\/?page_id=50#breadcrumb\",\"itemListElement\":[{\"@type\":\"ListItem\",\"position\":1,\"name\":\"Home\",\"item\":\"https:\/\/editorial.buluttan.com\/\"},{\"@type\":\"ListItem\",\"position\":2,\"name\":\"Enerji\"}]},{\"@type\":\"WebSite\",\"@id\":\"https:\/\/editorial.buluttan.com\/#website\",\"url\":\"https:\/\/editorial.buluttan.com\/\",\"name\":\"Buluttan Blog\",\"description\":\"\",\"potentialAction\":[{\"@type\":\"SearchAction\",\"target\":{\"@type\":\"EntryPoint\",\"urlTemplate\":\"https:\/\/editorial.buluttan.com\/?s={search_term_string}\"},\"query-input\":\"required name=search_term_string\"}],\"inLanguage\":\"en-US\"},{\"@type\":\"Person\",\"@id\":\"https:\/\/editorial.buluttan.com\/#\/schema\/person\/b34047aa6ed20aaa5c04d54a79ba5616\",\"name\":\"Buluttan\",\"image\":{\"@type\":\"ImageObject\",\"inLanguage\":\"en-US\",\"@id\":\"https:\/\/editorial.buluttan.com\/#\/schema\/person\/image\/\",\"url\":\"https:\/\/secure.gravatar.com\/avatar\/1f133024670b160ea1178db08ff69ffe37f006e930aa97f1489816bb0ec98b12?s=96&d=mm&r=g\",\"contentUrl\":\"https:\/\/secure.gravatar.com\/avatar\/1f133024670b160ea1178db08ff69ffe37f006e930aa97f1489816bb0ec98b12?s=96&d=mm&r=g\",\"caption\":\"Buluttan\"},\"sameAs\":[\"http:\/\/editorial.buluttan.com\",\"https:\/\/www.linkedin.com\/company\/buluttan\/\"],\"url\":\"https:\/\/editorial.buluttan.com\/?author=1\"}]}<\/script>\n<!-- \/ Yoast SEO plugin. -->","yoast_head_json":{"title":"Enerji - Buluttan Blog","description":"Enerji sekt\u00f6r\u00fcnde gelece\u011fe ho\u015f geldiniz, Buluttan ile enerji sekt\u00f6r\u00fcnde hava zek\u00e2s\u0131 uygulamas\u0131n\u0131n zirvesine ula\u015f\u0131n.","robots":{"index":"noindex","follow":"follow","max-snippet":"max-snippet:-1","max-image-preview":"max-image-preview:large","max-video-preview":"max-video-preview:-1"},"og_locale":"en_US","og_type":"article","og_title":"Enerji - Buluttan Blog","og_description":"Enerji sekt\u00f6r\u00fcnde gelece\u011fe ho\u015f geldiniz, Buluttan ile enerji sekt\u00f6r\u00fcnde hava zek\u00e2s\u0131 uygulamas\u0131n\u0131n zirvesine ula\u015f\u0131n.","og_url":"https:\/\/editorial.buluttan.com\/?page_id=50","og_site_name":"Buluttan Blog","article_modified_time":"2025-03-10T23:03:37+00:00","og_image":[{"width":1000,"height":480,"url":"https:\/\/buluttan-cdn.s3.eu-central-1.amazonaws.com\/images\/weather-blog\/2024\/01\/energy-and-grid-operations.webp","type":"image\/webp"}],"twitter_card":"summary_large_image","twitter_misc":{"Est. reading time":"2 minutes"},"schema":{"@context":"https:\/\/schema.org","@graph":[{"@type":"WebPage","@id":"https:\/\/editorial.buluttan.com\/?page_id=50","url":"https:\/\/editorial.buluttan.com\/?page_id=50","name":"Enerji - Buluttan Blog","isPartOf":{"@id":"https:\/\/editorial.buluttan.com\/#website"},"datePublished":"2025-02-14T00:57:00+00:00","dateModified":"2025-03-10T23:03:37+00:00","description":"Enerji sekt\u00f6r\u00fcnde gelece\u011fe ho\u015f geldiniz, Buluttan ile enerji sekt\u00f6r\u00fcnde hava zek\u00e2s\u0131 uygulamas\u0131n\u0131n zirvesine ula\u015f\u0131n.","breadcrumb":{"@id":"https:\/\/editorial.buluttan.com\/?page_id=50#breadcrumb"},"inLanguage":"en-US","potentialAction":[{"@type":"ReadAction","target":["https:\/\/editorial.buluttan.com\/?page_id=50"]}]},{"@type":"BreadcrumbList","@id":"https:\/\/editorial.buluttan.com\/?page_id=50#breadcrumb","itemListElement":[{"@type":"ListItem","position":1,"name":"Home","item":"https:\/\/editorial.buluttan.com\/"},{"@type":"ListItem","position":2,"name":"Enerji"}]},{"@type":"WebSite","@id":"https:\/\/editorial.buluttan.com\/#website","url":"https:\/\/editorial.buluttan.com\/","name":"Buluttan Blog","description":"","potentialAction":[{"@type":"SearchAction","target":{"@type":"EntryPoint","urlTemplate":"https:\/\/editorial.buluttan.com\/?s={search_term_string}"},"query-input":"required name=search_term_string"}],"inLanguage":"en-US"},{"@type":"Person","@id":"https:\/\/editorial.buluttan.com\/#\/schema\/person\/b34047aa6ed20aaa5c04d54a79ba5616","name":"Buluttan","image":{"@type":"ImageObject","inLanguage":"en-US","@id":"https:\/\/editorial.buluttan.com\/#\/schema\/person\/image\/","url":"https:\/\/secure.gravatar.com\/avatar\/1f133024670b160ea1178db08ff69ffe37f006e930aa97f1489816bb0ec98b12?s=96&d=mm&r=g","contentUrl":"https:\/\/secure.gravatar.com\/avatar\/1f133024670b160ea1178db08ff69ffe37f006e930aa97f1489816bb0ec98b12?s=96&d=mm&r=g","caption":"Buluttan"},"sameAs":["http:\/\/editorial.buluttan.com","https:\/\/www.linkedin.com\/company\/buluttan\/"],"url":"https:\/\/editorial.buluttan.com\/?author=1"}]}},"_links":{"self":[{"href":"https:\/\/editorial.buluttan.com\/index.php?rest_route=\/wp\/v2\/pages\/50","targetHints":{"allow":["GET"]}}],"collection":[{"href":"https:\/\/editorial.buluttan.com\/index.php?rest_route=\/wp\/v2\/pages"}],"about":[{"href":"https:\/\/editorial.buluttan.com\/index.php?rest_route=\/wp\/v2\/types\/page"}],"author":[{"embeddable":true,"href":"https:\/\/editorial.buluttan.com\/index.php?rest_route=\/wp\/v2\/users\/1"}],"replies":[{"embeddable":true,"href":"https:\/\/editorial.buluttan.com\/index.php?rest_route=%2Fwp%2Fv2%2Fcomments&post=50"}],"version-history":[{"count":30,"href":"https:\/\/editorial.buluttan.com\/index.php?rest_route=\/wp\/v2\/pages\/50\/revisions"}],"predecessor-version":[{"id":4507,"href":"https:\/\/editorial.buluttan.com\/index.php?rest_route=\/wp\/v2\/pages\/50\/revisions\/4507"}],"wp:featuredmedia":[{"embeddable":true,"href":"https:\/\/editorial.buluttan.com\/index.php?rest_route=\/wp\/v2\/media\/2085"}],"wp:attachment":[{"href":"https:\/\/editorial.buluttan.com\/index.php?rest_route=%2Fwp%2Fv2%2Fmedia&parent=50"}],"wp:term":[{"taxonomy":"category","embeddable":true,"href":"https:\/\/editorial.buluttan.com\/index.php?rest_route=%2Fwp%2Fv2%2Fcategories&post=50"},{"taxonomy":"post_tag","embeddable":true,"href":"https:\/\/editorial.buluttan.com\/index.php?rest_route=%2Fwp%2Fv2%2Ftags&post=50"}],"curies":[{"name":"wp","href":"https:\/\/api.w.org\/{rel}","templated":true}]}}