{"id":678,"date":"2025-02-12T00:58:32","date_gmt":"2025-02-12T00:58:32","guid":{"rendered":"https:\/\/editorial.buluttan.com\/?page_id=678"},"modified":"2025-03-10T23:06:27","modified_gmt":"2025-03-10T23:06:27","slug":"lojistik","status":"publish","type":"page","link":"https:\/\/editorial.buluttan.com\/?page_id=678","title":{"rendered":"Lojistik"},"content":{"rendered":"\n<h2 class=\"wp-block-heading\"><strong>Buluttan ile Lojistik Sekt\u00f6r\u00fcnde Hava Zek\u00e2s\u0131n\u0131n Devrimi<\/strong><\/h2>\n\n\n\n<p>Lojistik end\u00fcstrisi i\u00e7in \u00f6zelle\u015ftirilmi\u015f hiper-yerel hava zek\u00e2s\u0131 d\u00f6nemine ho\u015f geldiniz. <a href=\"https:\/\/www.buluttan.com\/tr\">Buluttan<\/a>, lojistik d\u00fcnyas\u0131n\u0131n dinamiklerinde zorluklarla ba\u015fa \u00e7\u0131kman\u0131z\u0131 ve operasyonlar\u0131n\u0131z\u0131 optimize etmek i\u00e7in burada.<\/p>\n\n\n\n<h3 class=\"wp-block-heading\"><strong>Lojistikte Hava Zek\u00e2s\u0131n\u0131n \u00d6nemi<\/strong><\/h3>\n\n\n\n<p>Lojistik sekt\u00f6r\u00fcnde A noktas\u0131ndan B noktas\u0131na giderken zaman\u0131nda teslimat, g\u00fcvenlik ve s\u00fcr\u00fc\u015f deneyimi \u00e7ok \u00f6nemlidir. Her y\u0131l ortalama 5,891,000 ara\u00e7 kazas\u0131 meydana geliyor ve bu kazalar\u0131n <a href=\"https:\/\/ops.fhwa.dot.gov\/weather\/q1_roadimpact.htm#:~:text=Weather%20Impacts%20on%20Safety,1%2C235%2C000%20%2D%20are%20weather%2Drelated.\" target=\"_blank\" rel=\"noreferrer noopener\">%21<\/a>&#8216;i hava ko\u015fullar\u0131 ile ili\u015fkili oldu\u011fu bilinmekte. Yukar\u0131da bahsedilen t\u00fcm y\u00f6nlerde hava ko\u015fullar\u0131 kritik bir rol oynar. Buluttan&#8217;\u0131n lojistik ve mobilite sekt\u00f6rleri i\u00e7in \u00f6zel olarak tasarlanm\u0131\u015f hava zekas\u0131 \u00e7\u00f6z\u00fcmleri, karar al\u0131c\u0131lar\u0131na g\u00fcvenli\u011fi maksimize etme ve zaman\u0131nda sevkiyatlar\u0131 s\u00fcrd\u00fcrme konusunda yard\u0131mc\u0131 olur.<\/p>\n\n\n\n<h2 class=\"wp-block-heading\"><strong>Kullan\u0131m Alanlar\u0131<\/strong><\/h2>\n\n\n\n<p><strong>Rotan\u0131z\u0131 Optimize Edin:<\/strong> Buluttan&#8217;\u0131n Map Layer \u00fcr\u00fcn\u00fc arac\u0131l\u0131\u011f\u0131yla ger\u00e7ek zamanl\u0131 ve tahmini hava ko\u015fullar\u0131na dayal\u0131 olarak ta\u015f\u0131ma rotalar\u0131n\u0131 planlay\u0131n ve optimize edin. Arac\u0131n navigasyon sistemine entegre edilen Buluttan&#8217;\u0131n Map Layer \u00fcr\u00fcn\u00fc, lojistik ve mobilite ekosistemine seyahatten \u00f6nce, s\u0131ras\u0131nda ve sonra g\u00fcvenli\u011fi art\u0131rmak ve s\u00fcr\u00fcc\u00fc deneyimini iyile\u015ftirmek i\u00e7in olanak tan\u0131r.<\/p>\n\n\n\n<figure class=\"wp-block-image size-large\"><img decoding=\"async\" width=\"1603\" height=\"460\" src=\"https:\/\/buluttan-cdn.s3.eu-central-1.amazonaws.com\/images\/weather-blog\/2025\/03\/logistics-mobility.webp\" alt=\"white trucks\" class=\"wp-image-4498\" srcset=\"https:\/\/buluttan-cdn.s3.eu-central-1.amazonaws.com\/images\/weather-blog\/2025\/03\/logistics-mobility.webp 1603w, https:\/\/buluttan-cdn.s3.eu-central-1.amazonaws.com\/images\/weather-blog\/2025\/03\/logistics-mobility-300x86.webp 300w, https:\/\/buluttan-cdn.s3.eu-central-1.amazonaws.com\/images\/weather-blog\/2025\/03\/logistics-mobility-1024x294.webp 1024w, https:\/\/buluttan-cdn.s3.eu-central-1.amazonaws.com\/images\/weather-blog\/2025\/03\/logistics-mobility-768x220.webp 768w, https:\/\/buluttan-cdn.s3.eu-central-1.amazonaws.com\/images\/weather-blog\/2025\/03\/logistics-mobility-1536x441.webp 1536w, https:\/\/buluttan-cdn.s3.eu-central-1.amazonaws.com\/images\/weather-blog\/2025\/03\/logistics-mobility-1568x450.webp 1568w\" sizes=\"(max-width: 1603px) 100vw, 1603px\" \/><\/figure>\n\n\n\n<div class=\"wp-block-columns is-layout-flex wp-container-core-columns-is-layout-9d6595d7 wp-block-columns-is-layout-flex\">\n<div class=\"wp-block-column is-layout-flow wp-block-column-is-layout-flow\">\n<p><h3>Seyahatten \u00d6nce<\/h3>\n<div style=\"width: 40px; height: 2px; background-color: white;margin: 0 0 8px;\"><\/div>\n<p>S\u00fcr\u00fcc\u00fc veya g\u00f6nderici, istenilen rota \u00fczerinde beklenen hava ko\u015fullar\u0131n\u0131 \u00f6nceden g\u00f6rebilir ve tehlikeli hava ko\u015fullar\u0131n\u0131 veya hava ile ilgili trafik s\u0131k\u0131\u015f\u0131kl\u0131\u011f\u0131na kar\u015f\u0131 \u00f6nlem alabilir.<\/p><\/p>\n<\/div>\n\n\n\n<div class=\"wp-block-column is-layout-flow wp-block-column-is-layout-flow\">\n<p><h3>Seyahat S\u0131ras\u0131nda<\/h3>\n<div style=\"width: 40px; height: 2px; background-color: white;margin: 0 0 8px;\"><\/div>\n<p>S\u00fcr\u00fcc\u00fcy\u00fc etkileme ihtimali olan hava olaylar\u0131n\u0131 Buluttan Map Layer ile an\u0131nda bir pop-up uyar\u0131s\u0131 olarak alabilir.<\/p><\/p>\n<\/div>\n\n\n\n<div class=\"wp-block-column is-layout-flow wp-block-column-is-layout-flow\">\n<p><h3>Seyahatten Sonra<\/h3>\n<div style=\"width: 40px; height: 2px; background-color: white;margin: 0 0 8px;\"><\/div>\n<p>S\u00fcr\u00fcc\u00fc veya g\u00f6nderici park etmi\u015f ara\u00e7lar\u0131n\u0131n \u00e7evresindeki hava risklerini Buluttan SkyWatch g\u00f6rebilir. Beklenen ciddi bir hava durumu varsa, uyar\u0131lar ve bildirimler, en \u00fcst d\u00fczeyde g\u00fcvenlik ve s\u00fcr\u00fcc\u00fc deneyimi sa\u011flamak \u00fczere mobil kanallar arac\u0131l\u0131\u011f\u0131yla g\u00f6nderilir.<\/p><\/p>\n<\/div>\n<\/div>\n\n\n\n<p><strong>Tedarik Zincirinizi G\u00fc\u00e7lendirin:<\/strong> Buluttan&#8217;\u0131n gelecek hava desenleri hakk\u0131ndaki bilgilerini kullanarak dayan\u0131kl\u0131 bir tedarik zinciri olu\u015fturun. Kesintileri \u00f6nceden tahmin edin ve \u00f6nleyin, b\u00f6ylece \u00fcr\u00fcnlerinizin var\u0131\u015f noktas\u0131na s\u00fcrekli ve g\u00fcvenilir bir \u015fekilde akmas\u0131n\u0131 sa\u011flay\u0131n.<\/p>\n\n\n\n<p><strong>Filolar\u0131n\u0131z\u0131 Y\u00f6netin:<\/strong> Filonuzun y\u00f6netimini Buluttan&#8217;\u0131n ger\u00e7ek zamanl\u0131 hiper-yerel verileri ile geli\u015ftirin. Olumsuz hava ko\u015fullar\u0131n\u0131 \u00f6nceden tahmin edin, bak\u0131m planlay\u0131n ve i\u015fletme verimlili\u011fi i\u00e7in ara\u00e7 da\u011f\u0131t\u0131m\u0131n\u0131 optimize edin.<\/p>\n\n\n\n<p>Depo operasyonlar\u0131n\u0131 hava zek\u00e2s\u0131 ile d\u00fczenleyin. Stok seviyelerini y\u00f6netmekten potansiyel kesintilere kadar planlar\u0131n\u0131z\u0131 \u00f6nceden yap\u0131n. Buluttan, lojistik i\u015fletmelerinin etkili ve duyarl\u0131 depo s\u00fcre\u00e7lerini s\u00fcrd\u00fcrmelerine yard\u0131mc\u0131 katk\u0131 sa\u011flar.<\/p>\n\n\n\n<h3 class=\"wp-block-heading\"><strong>Buluttan ile Dakik ve G\u00fcvende Olun<\/strong><\/h3>\n\n\n\n<p>Lojistik sekt\u00f6r\u00fc i\u00e7in stratejik bir ortak olan Buluttan, hassasiyet ve g\u00fcvenilirli\u011fin bu denli kritik bir rol oynad\u0131\u011f\u0131 sekt\u00f6rde, hava zek\u00e2s\u0131n\u0131n g\u00fcc\u00fcn\u00fc kullanmak i\u015fletmeniz i\u00e7in mant\u0131kl\u0131 bir yat\u0131r\u0131md\u0131r. Buluttan ile lojistik devrimine kat\u0131l\u0131n ve hava tahminlerini nas\u0131l kullanaca\u011f\u0131n\u0131z\u0131 yeniden tan\u0131mlayarak daha verimli ve diren\u00e7li bir gelecek i\u00e7in yol al\u0131n.<\/p>\n","protected":false},"excerpt":{"rendered":"<p>Buluttan ile Lojistik Sekt\u00f6r\u00fcnde Hava Zek\u00e2s\u0131n\u0131n Devrimi Lojistik end\u00fcstrisi i\u00e7in \u00f6zelle\u015ftirilmi\u015f hiper-yerel hava zek\u00e2s\u0131 d\u00f6nemine ho\u015f geldiniz. Buluttan, lojistik d\u00fcnyas\u0131n\u0131n dinamiklerinde zorluklarla ba\u015fa \u00e7\u0131kman\u0131z\u0131 ve operasyonlar\u0131n\u0131z\u0131 optimize etmek i\u00e7in burada. Lojistikte Hava Zek\u00e2s\u0131n\u0131n \u00d6nemi Lojistik sekt\u00f6r\u00fcnde A noktas\u0131ndan B noktas\u0131na giderken zaman\u0131nda teslimat, g\u00fcvenlik ve s\u00fcr\u00fc\u015f deneyimi \u00e7ok \u00f6nemlidir. Her y\u0131l ortalama 5,891,000 ara\u00e7 kazas\u0131&hellip; <a class=\"more-link\" href=\"https:\/\/editorial.buluttan.com\/?page_id=678\">Continue reading <span class=\"screen-reader-text\">Lojistik<\/span><\/a><\/p>\n","protected":false},"author":1,"featured_media":3298,"parent":0,"menu_order":0,"comment_status":"closed","ping_status":"closed","template":"","meta":{"footnotes":""},"categories":[29],"tags":[7],"class_list":["post-678","page","type-page","status-publish","has-post-thumbnail","hentry","category-endustriler","tag-tr","entry"],"acf":[],"yoast_head":"<!-- This site is optimized with the Yoast SEO plugin v21.2 - https:\/\/yoast.com\/wordpress\/plugins\/seo\/ -->\n<title>Lojistik - Buluttan Blog<\/title>\n<meta name=\"description\" content=\"Buluttan, lojistik d\u00fcnyas\u0131n\u0131n dinamiklerinde zorluklarla ba\u015fa \u00e7\u0131kman\u0131z\u0131 ve operasyonlar\u0131n\u0131z\u0131 optimize etmek i\u00e7in burada.\" \/>\n<meta name=\"robots\" content=\"noindex, follow, max-snippet:-1, max-image-preview:large, max-video-preview:-1\" \/>\n<meta property=\"og:locale\" content=\"en_US\" \/>\n<meta property=\"og:type\" content=\"article\" \/>\n<meta property=\"og:title\" content=\"Lojistik - Buluttan Blog\" \/>\n<meta property=\"og:description\" content=\"Buluttan, lojistik d\u00fcnyas\u0131n\u0131n dinamiklerinde zorluklarla ba\u015fa \u00e7\u0131kman\u0131z\u0131 ve operasyonlar\u0131n\u0131z\u0131 optimize etmek i\u00e7in burada.\" \/>\n<meta property=\"og:url\" content=\"https:\/\/editorial.buluttan.com\/?page_id=678\" \/>\n<meta property=\"og:site_name\" content=\"Buluttan Blog\" \/>\n<meta property=\"article:modified_time\" content=\"2025-03-10T23:06:27+00:00\" \/>\n<meta property=\"og:image\" content=\"https:\/\/buluttan-cdn.s3.eu-central-1.amazonaws.com\/images\/weather-blog\/2024\/04\/logistics-featured-image.webp\" \/>\n\t<meta property=\"og:image:width\" content=\"1000\" \/>\n\t<meta property=\"og:image:height\" content=\"480\" \/>\n\t<meta property=\"og:image:type\" content=\"image\/webp\" \/>\n<meta name=\"twitter:card\" content=\"summary_large_image\" \/>\n<meta name=\"twitter:label1\" content=\"Est. reading time\" \/>\n\t<meta name=\"twitter:data1\" content=\"2 minutes\" \/>\n<script type=\"application\/ld+json\" class=\"yoast-schema-graph\">{\"@context\":\"https:\/\/schema.org\",\"@graph\":[{\"@type\":\"WebPage\",\"@id\":\"https:\/\/editorial.buluttan.com\/?page_id=678\",\"url\":\"https:\/\/editorial.buluttan.com\/?page_id=678\",\"name\":\"Lojistik - Buluttan Blog\",\"isPartOf\":{\"@id\":\"https:\/\/editorial.buluttan.com\/#website\"},\"datePublished\":\"2025-02-12T00:58:32+00:00\",\"dateModified\":\"2025-03-10T23:06:27+00:00\",\"description\":\"Buluttan, lojistik d\u00fcnyas\u0131n\u0131n dinamiklerinde zorluklarla ba\u015fa \u00e7\u0131kman\u0131z\u0131 ve operasyonlar\u0131n\u0131z\u0131 optimize etmek i\u00e7in burada.\",\"breadcrumb\":{\"@id\":\"https:\/\/editorial.buluttan.com\/?page_id=678#breadcrumb\"},\"inLanguage\":\"en-US\",\"potentialAction\":[{\"@type\":\"ReadAction\",\"target\":[\"https:\/\/editorial.buluttan.com\/?page_id=678\"]}]},{\"@type\":\"BreadcrumbList\",\"@id\":\"https:\/\/editorial.buluttan.com\/?page_id=678#breadcrumb\",\"itemListElement\":[{\"@type\":\"ListItem\",\"position\":1,\"name\":\"Home\",\"item\":\"https:\/\/editorial.buluttan.com\/\"},{\"@type\":\"ListItem\",\"position\":2,\"name\":\"Lojistik\"}]},{\"@type\":\"WebSite\",\"@id\":\"https:\/\/editorial.buluttan.com\/#website\",\"url\":\"https:\/\/editorial.buluttan.com\/\",\"name\":\"Buluttan Blog\",\"description\":\"\",\"potentialAction\":[{\"@type\":\"SearchAction\",\"target\":{\"@type\":\"EntryPoint\",\"urlTemplate\":\"https:\/\/editorial.buluttan.com\/?s={search_term_string}\"},\"query-input\":\"required name=search_term_string\"}],\"inLanguage\":\"en-US\"},{\"@type\":\"Person\",\"@id\":\"https:\/\/editorial.buluttan.com\/#\/schema\/person\/b34047aa6ed20aaa5c04d54a79ba5616\",\"name\":\"Buluttan\",\"image\":{\"@type\":\"ImageObject\",\"inLanguage\":\"en-US\",\"@id\":\"https:\/\/editorial.buluttan.com\/#\/schema\/person\/image\/\",\"url\":\"https:\/\/secure.gravatar.com\/avatar\/1f133024670b160ea1178db08ff69ffe37f006e930aa97f1489816bb0ec98b12?s=96&d=mm&r=g\",\"contentUrl\":\"https:\/\/secure.gravatar.com\/avatar\/1f133024670b160ea1178db08ff69ffe37f006e930aa97f1489816bb0ec98b12?s=96&d=mm&r=g\",\"caption\":\"Buluttan\"},\"sameAs\":[\"http:\/\/editorial.buluttan.com\",\"https:\/\/www.linkedin.com\/company\/buluttan\/\"],\"url\":\"https:\/\/editorial.buluttan.com\/?author=1\"}]}<\/script>\n<!-- \/ Yoast SEO plugin. -->","yoast_head_json":{"title":"Lojistik - Buluttan Blog","description":"Buluttan, lojistik d\u00fcnyas\u0131n\u0131n dinamiklerinde zorluklarla ba\u015fa \u00e7\u0131kman\u0131z\u0131 ve operasyonlar\u0131n\u0131z\u0131 optimize etmek i\u00e7in burada.","robots":{"index":"noindex","follow":"follow","max-snippet":"max-snippet:-1","max-image-preview":"max-image-preview:large","max-video-preview":"max-video-preview:-1"},"og_locale":"en_US","og_type":"article","og_title":"Lojistik - Buluttan Blog","og_description":"Buluttan, lojistik d\u00fcnyas\u0131n\u0131n dinamiklerinde zorluklarla ba\u015fa \u00e7\u0131kman\u0131z\u0131 ve operasyonlar\u0131n\u0131z\u0131 optimize etmek i\u00e7in burada.","og_url":"https:\/\/editorial.buluttan.com\/?page_id=678","og_site_name":"Buluttan Blog","article_modified_time":"2025-03-10T23:06:27+00:00","og_image":[{"width":1000,"height":480,"url":"https:\/\/buluttan-cdn.s3.eu-central-1.amazonaws.com\/images\/weather-blog\/2024\/04\/logistics-featured-image.webp","type":"image\/webp"}],"twitter_card":"summary_large_image","twitter_misc":{"Est. reading time":"2 minutes"},"schema":{"@context":"https:\/\/schema.org","@graph":[{"@type":"WebPage","@id":"https:\/\/editorial.buluttan.com\/?page_id=678","url":"https:\/\/editorial.buluttan.com\/?page_id=678","name":"Lojistik - Buluttan Blog","isPartOf":{"@id":"https:\/\/editorial.buluttan.com\/#website"},"datePublished":"2025-02-12T00:58:32+00:00","dateModified":"2025-03-10T23:06:27+00:00","description":"Buluttan, lojistik d\u00fcnyas\u0131n\u0131n dinamiklerinde zorluklarla ba\u015fa \u00e7\u0131kman\u0131z\u0131 ve operasyonlar\u0131n\u0131z\u0131 optimize etmek i\u00e7in burada.","breadcrumb":{"@id":"https:\/\/editorial.buluttan.com\/?page_id=678#breadcrumb"},"inLanguage":"en-US","potentialAction":[{"@type":"ReadAction","target":["https:\/\/editorial.buluttan.com\/?page_id=678"]}]},{"@type":"BreadcrumbList","@id":"https:\/\/editorial.buluttan.com\/?page_id=678#breadcrumb","itemListElement":[{"@type":"ListItem","position":1,"name":"Home","item":"https:\/\/editorial.buluttan.com\/"},{"@type":"ListItem","position":2,"name":"Lojistik"}]},{"@type":"WebSite","@id":"https:\/\/editorial.buluttan.com\/#website","url":"https:\/\/editorial.buluttan.com\/","name":"Buluttan Blog","description":"","potentialAction":[{"@type":"SearchAction","target":{"@type":"EntryPoint","urlTemplate":"https:\/\/editorial.buluttan.com\/?s={search_term_string}"},"query-input":"required name=search_term_string"}],"inLanguage":"en-US"},{"@type":"Person","@id":"https:\/\/editorial.buluttan.com\/#\/schema\/person\/b34047aa6ed20aaa5c04d54a79ba5616","name":"Buluttan","image":{"@type":"ImageObject","inLanguage":"en-US","@id":"https:\/\/editorial.buluttan.com\/#\/schema\/person\/image\/","url":"https:\/\/secure.gravatar.com\/avatar\/1f133024670b160ea1178db08ff69ffe37f006e930aa97f1489816bb0ec98b12?s=96&d=mm&r=g","contentUrl":"https:\/\/secure.gravatar.com\/avatar\/1f133024670b160ea1178db08ff69ffe37f006e930aa97f1489816bb0ec98b12?s=96&d=mm&r=g","caption":"Buluttan"},"sameAs":["http:\/\/editorial.buluttan.com","https:\/\/www.linkedin.com\/company\/buluttan\/"],"url":"https:\/\/editorial.buluttan.com\/?author=1"}]}},"_links":{"self":[{"href":"https:\/\/editorial.buluttan.com\/index.php?rest_route=\/wp\/v2\/pages\/678","targetHints":{"allow":["GET"]}}],"collection":[{"href":"https:\/\/editorial.buluttan.com\/index.php?rest_route=\/wp\/v2\/pages"}],"about":[{"href":"https:\/\/editorial.buluttan.com\/index.php?rest_route=\/wp\/v2\/types\/page"}],"author":[{"embeddable":true,"href":"https:\/\/editorial.buluttan.com\/index.php?rest_route=\/wp\/v2\/users\/1"}],"replies":[{"embeddable":true,"href":"https:\/\/editorial.buluttan.com\/index.php?rest_route=%2Fwp%2Fv2%2Fcomments&post=678"}],"version-history":[{"count":26,"href":"https:\/\/editorial.buluttan.com\/index.php?rest_route=\/wp\/v2\/pages\/678\/revisions"}],"predecessor-version":[{"id":4510,"href":"https:\/\/editorial.buluttan.com\/index.php?rest_route=\/wp\/v2\/pages\/678\/revisions\/4510"}],"wp:featuredmedia":[{"embeddable":true,"href":"https:\/\/editorial.buluttan.com\/index.php?rest_route=\/wp\/v2\/media\/3298"}],"wp:attachment":[{"href":"https:\/\/editorial.buluttan.com\/index.php?rest_route=%2Fwp%2Fv2%2Fmedia&parent=678"}],"wp:term":[{"taxonomy":"category","embeddable":true,"href":"https:\/\/editorial.buluttan.com\/index.php?rest_route=%2Fwp%2Fv2%2Fcategories&post=678"},{"taxonomy":"post_tag","embeddable":true,"href":"https:\/\/editorial.buluttan.com\/index.php?rest_route=%2Fwp%2Fv2%2Ftags&post=678"}],"curies":[{"name":"wp","href":"https:\/\/api.w.org\/{rel}","templated":true}]}}